{"id":15,"date":"2023-06-26T11:37:44","date_gmt":"2023-06-26T11:37:44","guid":{"rendered":"https:\/\/equineelite.nl\/nieuw\/?page_id=15"},"modified":"2025-07-09T09:10:17","modified_gmt":"2025-07-09T09:10:17","slug":"home","status":"publish","type":"page","link":"https:\/\/www.equineelite.nl\/es\/","title":{"rendered":"Inicio"},"content":{"rendered":"<style type=\"text\/css\" data-created_by=\"avia_inline_auto\" id=\"style-css-av-1pbkn-8850a7b5b7fa31949b73926b5bb3457a\">\n.avia-section.av-1pbkn-8850a7b5b7fa31949b73926b5bb3457a{\nbackground-repeat:no-repeat;\nbackground-image:url(https:\/\/www.equineelite.nl\/wp-content\/uploads\/2023\/06\/Home-banner.png);\nbackground-position:50% 50%;\nbackground-attachment:scroll;\n}\n<\/style>\n<div id='av_section_1'  class='avia-section av-1pbkn-8850a7b5b7fa31949b73926b5bb3457a main_color avia-section-default avia-no-border-styling  avia-builder-el-0  el_before_av_section  avia-builder-el-first  avia-full-stretch avia-bg-style-scroll av-minimum-height av-minimum-height-100 av-height-100  av-section-with-video-bg container_wrap fullsize'  data-section-bg-repeat='stretch' data-av_minimum_height_pc='100' data-av_min_height_opt='100' data-section-video-ratio='16:9'><div  class='avia-slideshow av_slideshow_obj-1-69f1f9a6b6df9 avia-slideshow-featured av_slideshow avia-slide-slider av-slideshow-ui av-control-default av-slideshow-manual av-loop-once av-loop-manual-endless av-default-height-applied  av-section-video-bg avia-slideshow-1' data-slideshow-options=\"{&quot;animation&quot;:&quot;slide&quot;,&quot;autoplay&quot;:false,&quot;loop_autoplay&quot;:&quot;once&quot;,&quot;interval&quot;:5,&quot;loop_manual&quot;:&quot;manual-endless&quot;,&quot;autoplay_stopper&quot;:false,&quot;noNavigation&quot;:false,&quot;bg_slider&quot;:false,&quot;keep_padding&quot;:false,&quot;hoverpause&quot;:false,&quot;show_slide_delay&quot;:0}\"  itemprop=\"image\" itemscope=\"itemscope\" itemtype=\"https:\/\/schema.org\/ImageObject\" ><ul class='avia-slideshow-inner' style='padding-bottom: 28.666666666667%;'><li  data-controls='disabled' data-mute='aviaTBaviaTBvideo_mute' data-loop='1' data-disable-autoplay=''  data-video-ratio='1.7777777777778' class='avia-slideshow-slide av_slideshow_obj-1-69f1f9a6b6df9__0  av-video-slide  av-video-service-vimeo  av-hide-video-controls av-mute-video av-loop-video  av-single-slide slide-1 slide-odd'><div data-rel='slideshow-1' class='avia-slide-wrap'   ><div class='av-click-overlay'><\/div><div class='mejs-mediaelement'  itemprop=\"video\" itemtype=\"https:\/\/schema.org\/VideoObject\" ><div data-src='\/\/player.vimeo.com\/video\/840375418?autoplay=1&#038;loop=1&#038;muted=1&#038;portrait=0&#038;byline=0&#038;title=0&#038;badge=0&#038;loop=1&#038;autopause=0&#038;api=1&#038;rel=0&#038;player_id=player_15_1536729994_632235750&#038;color=96794b' data-original_url='https:\/\/vimeo.com\/840375418?autoplay=1&amp;loop=1&amp;muted=1' height='1600' width='900' class='av_vimeo_frame' id='player_15_1536729994_632235750'><\/div><\/div><div class=\"av-click-to-play-overlay\"><div class=\"avia_playpause_icon\"><\/div><\/div><\/div><\/li><\/ul><\/div><div class='container av-section-cont-open' ><main  role=\"main\" itemprop=\"mainContentOfPage\"  class='template-page content  av-content-full alpha units'><div class='post-entry post-entry-type-page post-entry-15'><div class='entry-content-wrapper clearfix'>\n<div  class='flex_column av-1pzhr-7c557f501e8fd751c4cd6d64c875b304 av_one_fifth  avia-builder-el-1  el_before_av_three_fifth  avia-builder-el-first  first flex_column_div'     ><\/div><div  class='flex_column av-1076b-9b35ef39d94437b46abb6a510fbabad9 av_three_fifth  avia-builder-el-2  el_after_av_one_fifth  el_before_av_one_fifth  flex_column_div'     ><style type=\"text\/css\" data-created_by=\"avia_inline_auto\" id=\"style-css-av-ljcsbces-b63091315fba6b79dab00c2a16041ee1\">\n#top .av-special-heading.av-ljcsbces-b63091315fba6b79dab00c2a16041ee1{\npadding-bottom:10px;\nfont-size:60px;\n}\nbody .av-special-heading.av-ljcsbces-b63091315fba6b79dab00c2a16041ee1 .av-special-heading-tag .heading-char{\nfont-size:25px;\n}\n#top #wrap_all .av-special-heading.av-ljcsbces-b63091315fba6b79dab00c2a16041ee1 .av-special-heading-tag{\nfont-size:60px;\n}\n.av-special-heading.av-ljcsbces-b63091315fba6b79dab00c2a16041ee1 .av-subheading{\nfont-size:30px;\n}\n\n@media only screen and (min-width: 480px) and (max-width: 767px){ \n#top #wrap_all .av-special-heading.av-ljcsbces-b63091315fba6b79dab00c2a16041ee1 .av-special-heading-tag{\nfont-size:0.8em;\n}\n}\n\n@media only screen and (max-width: 479px){ \n#top #wrap_all .av-special-heading.av-ljcsbces-b63091315fba6b79dab00c2a16041ee1 .av-special-heading-tag{\nfont-size:0.8em;\n}\n}\n<\/style>\n<div  class='av-special-heading av-ljcsbces-b63091315fba6b79dab00c2a16041ee1 av-special-heading-h1 blockquote modern-quote modern-centered  avia-builder-el-3  avia-builder-el-no-sibling  intro-title av-inherit-size'><div class='av-subheading av-subheading_above'><p><i class=\"fa-solid fa-star\"><\/i> 31 de octubre de 2026 <i class=\"fa-solid fa-star\"><\/i><\/p>\n<\/div><h1 class='av-special-heading-tag'  itemprop=\"headline\"  >Bienvenido a Equine Elite La Subasta<\/h1><div class=\"special-heading-border\"><div class=\"special-heading-inner-border\"><\/div><\/div><\/div><\/div><div  class='flex_column av-2i23-ab0e193f921b740a3ac1b5d2b0a25f06 av_one_fifth  avia-builder-el-4  el_after_av_three_fifth  avia-builder-el-last  flex_column_div'     ><\/div><\/div><\/div><\/main><!-- close content main element --><\/div><\/div>\n<style type=\"text\/css\" data-created_by=\"avia_inline_auto\" id=\"style-css-av-ljcspj28-990b40d472faf9a27c7cfaff5f805f43\">\n.avia-section.av-ljcspj28-990b40d472faf9a27c7cfaff5f805f43{\nbackground-color:#911212;\nbackground-image:unset;\n}\n<\/style>\n<div id='av_section_2'  class='avia-section av-ljcspj28-990b40d472faf9a27c7cfaff5f805f43 main_color avia-section-default avia-no-border-styling  avia-builder-el-5  el_after_av_section  el_before_av_section  avia-bg-style-scroll container_wrap fullsize'  ><div class='container av-section-cont-open' ><div class='template-page content  av-content-full alpha units'><div class='post-entry post-entry-type-page post-entry-15'><div class='entry-content-wrapper clearfix'>\n<div class='flex_column_table av-20rlz-f0e7cd9be097fb88cf98a1f9333c8ffe sc-av_one_fifth av-equal-height-column-flextable'><div  class='flex_column av-20rlz-f0e7cd9be097fb88cf98a1f9333c8ffe av_one_fifth  avia-builder-el-6  el_before_av_three_fifth  avia-builder-el-first  first no_margin flex_column_table_cell av-equal-height-column av-align-middle'     ><section  class='av_textblock_section av-2wn3-1a9ee9791212bf2ed180cae90c76ecc4'   itemscope=\"itemscope\" itemtype=\"https:\/\/schema.org\/CreativeWork\" ><div class='avia_textblock'  itemprop=\"text\" ><p><img loading=\"lazy\" decoding=\"async\" class=\"wp-image-25 aligncenter\" src=\"https:\/\/equineelite.nlwp-content\/uploads\/2023\/06\/star-sharp-solid.png\" alt=\"\" width=\"40\" height=\"39\" srcset=\"https:\/\/www.equineelite.nl\/wp-content\/uploads\/2023\/06\/star-sharp-solid.png 80w, https:\/\/www.equineelite.nl\/wp-content\/uploads\/2023\/06\/star-sharp-solid-36x36.png 36w\" sizes=\"auto, (max-width: 40px) 100vw, 40px\" \/><\/p>\n<\/div><\/section><\/div><div  class='flex_column av-1hly7-d564ba9d96dde8fad563c96dc2835c8a av_three_fifth  avia-builder-el-8  el_after_av_one_fifth  el_before_av_one_fifth  no_margin flex_column_table_cell av-equal-height-column av-align-middle'     ><style type=\"text\/css\" data-created_by=\"avia_inline_auto\" id=\"style-css-av-ljcspwul-d58cebeab70194cf255bed5d975c27ef\">\n#top .av_textblock_section.av-ljcspwul-d58cebeab70194cf255bed5d975c27ef .avia_textblock{\nfont-size:22px;\n}\n<\/style>\n<section  class='av_textblock_section av-ljcspwul-d58cebeab70194cf255bed5d975c27ef'   itemscope=\"itemscope\" itemtype=\"https:\/\/schema.org\/CreativeWork\" ><div class='avia_textblock'  itemprop=\"text\" ><p style=\"text-align: center;\">Los preparativos para esta exclusiva subasta de caballos en Weert est\u00e1n en pleno apogeo. 2026 es ya la vig\u00e9sima edici\u00f3n y, una vez m\u00e1s, promete ser un gran espect\u00e1culo ecuestre. Toda la semana que precede a la subasta es pura ostentaci\u00f3n, glamour, lujo y entretenimiento. Como de costumbre, s\u00f3lo hay mesas VIP y un peque\u00f1o n\u00famero de puestos muy exclusivos en el pabell\u00f3n VIP.<\/p>\n<p style=\"text-align: center;\">Las jornadas de selecci\u00f3n tendr\u00e1n lugar a finales de julio; en cuanto se conozcan los caballos de la subasta, los encontrar\u00e1 en el sitio web. A partir del 14 de septiembre, los caballos estar\u00e1n disponibles para las pruebas. \u00a1Le esperamos el 31 de octubre de 2026!<\/p>\n<\/div><\/section><\/div><div  class='flex_column av-vxs3-bf5fdc28a7d98b5570ecc2d196ce88a4 av_one_fifth  avia-builder-el-10  el_after_av_three_fifth  avia-builder-el-last  no_margin flex_column_table_cell av-equal-height-column av-align-middle'     ><section  class='av_textblock_section av-ljcsqzny-27b445078b15be93d3624f1fed89928b'   itemscope=\"itemscope\" itemtype=\"https:\/\/schema.org\/CreativeWork\" ><div class='avia_textblock'  itemprop=\"text\" ><p><img loading=\"lazy\" decoding=\"async\" class=\"wp-image-25 aligncenter\" src=\"https:\/\/equineelite.nlwp-content\/uploads\/2023\/06\/star-sharp-solid.png\" alt=\"\" width=\"40\" height=\"39\" srcset=\"https:\/\/www.equineelite.nl\/wp-content\/uploads\/2023\/06\/star-sharp-solid.png 80w, https:\/\/www.equineelite.nl\/wp-content\/uploads\/2023\/06\/star-sharp-solid-36x36.png 36w\" sizes=\"auto, (max-width: 40px) 100vw, 40px\" \/><\/p>\n<\/div><\/section><\/div><\/div><!--close column table wrapper. Autoclose: 1 -->\n\n<\/div><\/div><\/div><!-- close content main div --><\/div><\/div><div id='av_section_3'  class='avia-section av-1ncw7-23b169925f6dd8e1a81d34f0dc9632e3 main_color avia-section-default avia-no-border-styling  avia-builder-el-12  el_after_av_section  el_before_av_section  avia-bg-style-scroll container_wrap fullsize'  ><div class='container av-section-cont-open' ><div class='template-page content  av-content-full alpha units'><div class='post-entry post-entry-type-page post-entry-15'><div class='entry-content-wrapper clearfix'>\n<div  class='flex_column av-yb1j-ffa18c995e4ce3e9dab6c91753dcac2c av_one_full  avia-builder-el-13  avia-builder-el-no-sibling  first flex_column_div'     ><p>\n<style type=\"text\/css\" data-created_by=\"avia_inline_auto\" id=\"style-css-av-ljcssv7a-792daf23df61550d3c1cd85b84205517\">\n#top .av-special-heading.av-ljcssv7a-792daf23df61550d3c1cd85b84205517{\npadding-bottom:10px;\n}\nbody .av-special-heading.av-ljcssv7a-792daf23df61550d3c1cd85b84205517 .av-special-heading-tag .heading-char{\nfont-size:25px;\n}\n.av-special-heading.av-ljcssv7a-792daf23df61550d3c1cd85b84205517 .av-subheading{\nfont-size:15px;\n}\n<\/style>\n<div  class='av-special-heading av-ljcssv7a-792daf23df61550d3c1cd85b84205517 av-special-heading-h2 blockquote modern-quote modern-centered  avia-builder-el-14  el_before_av_hr  avia-builder-el-first  star-title'><h2 class='av-special-heading-tag'  itemprop=\"headline\"  ><i class=\"fa-solid fa-star\"><\/i> Las estrellas de 2026 <i class=\"fa-solid fa-star\"><\/i><\/h2><div class=\"special-heading-border\"><div class=\"special-heading-inner-border\"><\/div><\/div><\/div><br \/>\n\n<style type=\"text\/css\" data-created_by=\"avia_inline_auto\" id=\"style-css-av-ljid79pt-54449b16738fabcccff97d94eae20fa1\">\n#top .hr.hr-invisible.av-ljid79pt-54449b16738fabcccff97d94eae20fa1{\nheight:5px;\n}\n<\/style>\n<div  class='hr av-ljid79pt-54449b16738fabcccff97d94eae20fa1 hr-invisible  avia-builder-el-15  el_after_av_heading  el_before_av_sidebar'><span class='hr-inner'><span class=\"hr-inner-style\"><\/span><\/span><\/div><br \/>\n<div  class='avia-builder-widget-area clearfix  avia-builder-el-16  el_after_av_hr  el_before_av_hr'><div id=\"shortcodes-ultimate-2\" class=\"widget clearfix shortcodes-ultimate\"><div class=\"textwidget\">\n<div id=\"horses\">\n   <\/div><\/div><\/div><\/div><br \/>\n\n<style type=\"text\/css\" data-created_by=\"avia_inline_auto\" id=\"style-css-av-spvv-beb0ab1fc56568f0e439fd86f8d27bf9\">\n#top .hr.hr-invisible.av-spvv-beb0ab1fc56568f0e439fd86f8d27bf9{\nmargin-top:-120px;\nheight:1px;\n}\n<\/style>\n<div  class='hr av-spvv-beb0ab1fc56568f0e439fd86f8d27bf9 hr-invisible  avia-builder-el-17  el_after_av_sidebar  el_before_av_button'><span class='hr-inner'><span class=\"hr-inner-style\"><\/span><\/span><\/div><br \/>\n<div  class='avia-button-wrap av-ljct02cq-bec4730d3601ab570f4c542c8e6397ca-wrap avia-button-center  avia-builder-el-18  el_after_av_hr  avia-builder-el-last'><a href='https:\/\/www.equineelite.nl\/es\/paarden\/'  class='avia-button av-ljct02cq-bec4730d3601ab570f4c542c8e6397ca avia-icon_select-no avia-size-small avia-position-center avia-color-theme-color'  ><span class='avia_iconbox_title' >Verlos todos<\/span><\/a><\/div><\/p><\/div>\n\n<\/div><\/div><\/div><!-- close content main div --><\/div><\/div>\n<style type=\"text\/css\" data-created_by=\"avia_inline_auto\" id=\"style-css-av-ljct4ccw-071ea9c38b4666535eadeedb9a8b8762\">\n.avia-section.av-ljct4ccw-071ea9c38b4666535eadeedb9a8b8762{\nbackground-repeat:no-repeat;\nbackground-image:url(https:\/\/www.equineelite.nl\/wp-content\/uploads\/2023\/06\/Our-plans.png);\nbackground-position:50% 50%;\nbackground-attachment:scroll;\n}\n<\/style>\n<div id='av_section_4'  class='avia-section av-ljct4ccw-071ea9c38b4666535eadeedb9a8b8762 main_color avia-section-default avia-no-border-styling  avia-builder-el-19  el_after_av_section  avia-builder-el-last  avia-full-stretch avia-bg-style-scroll container_wrap fullsize'  data-section-bg-repeat='stretch'><div class='container av-section-cont-open' ><div class='template-page content  av-content-full alpha units'><div class='post-entry post-entry-type-page post-entry-15'><div class='entry-content-wrapper clearfix'>\n\n<style type=\"text\/css\" data-created_by=\"avia_inline_auto\" id=\"style-css-av-ljct5f73-8551bf4eeb0f0b28ea0dca9b8d52576f\">\n.flex_column.av-ljct5f73-8551bf4eeb0f0b28ea0dca9b8d52576f{\n-webkit-border-radius:5px 5px 5px 5px;\n-moz-border-radius:5px 5px 5px 5px;\nborder-radius:5px 5px 5px 5px;\npadding:90px 60px 90px 60px;\nbackground-color:#96794b;\n}\n<\/style>\n<div  class='flex_column av-ljct5f73-8551bf4eeb0f0b28ea0dca9b8d52576f av_three_fifth  avia-builder-el-20  el_before_av_two_fifth  avia-builder-el-first  first flex_column_div'     ><style type=\"text\/css\" data-created_by=\"avia_inline_auto\" id=\"style-css-av-ljct6p83-585ddb6f6065fda9fc997efddc1b3a78\">\n#top .av_textblock_section.av-ljct6p83-585ddb6f6065fda9fc997efddc1b3a78 .avia_textblock{\nfont-size:22px;\n}\n<\/style>\n<section  class='av_textblock_section av-ljct6p83-585ddb6f6065fda9fc997efddc1b3a78'   itemscope=\"itemscope\" itemtype=\"https:\/\/schema.org\/CreativeWork\" ><div class='avia_textblock alternatief-kleur'  itemprop=\"text\" ><h3>Reserva de mesa VIP<\/h3>\n<p>Nuestras mesas VIP tienen capacidad para 6-10 personas (es posible organizar grupos m\u00e1s grandes). El precio incluye todas las bebidas, aperitivos y cena durante todo el d\u00eda. Hay camareros\/camareras en todas las mesas durante el evento.<br \/>\nLas entradas para el palco tambi\u00e9n tienen todo incluido y dan acceso al palco.<\/p>\n<\/div><\/section><br \/>\n<section  class='av_textblock_section av-ljctblzh-86e9d95faa102fc44097cbefef784d26'   itemscope=\"itemscope\" itemtype=\"https:\/\/schema.org\/CreativeWork\" ><div class='avia_textblock alternatief-kleur'  itemprop=\"text\" ><h3>Informaci\u00f3n sobre precios<\/h3>\n<ul>\n<li>Coste de la mesa VIP para 6 personas: 1.650 euros (sin IVA)<\/li>\n<li>Asiento V.I.P. 300 euros (sin IVA)<\/li>\n<li>Skybox\/Galer\u00eda 190 euros (sin IVA)<\/li>\n<\/ul>\n<\/div><\/section><br \/>\n\n<style type=\"text\/css\" data-created_by=\"avia_inline_auto\" id=\"style-css-av-ljctcevx-e9c3e35874282de2ef99feecc152158f\">\n#top .hr.hr-invisible.av-ljctcevx-e9c3e35874282de2ef99feecc152158f{\nheight:10px;\n}\n<\/style>\n<div  class='hr av-ljctcevx-e9c3e35874282de2ef99feecc152158f hr-invisible  avia-builder-el-23  el_after_av_textblock  el_before_av_button'><span class='hr-inner'><span class=\"hr-inner-style\"><\/span><\/span><\/div><br \/>\n<div  class='avia-button-wrap av-ljct9ndw-f5714af36d8058bb543c2c2fcf57ba8b-wrap avia-button-left  avia-builder-el-24  el_after_av_hr  avia-builder-el-last'><a href='https:\/\/www.equineelite.nl\/es\/reserveren\/'  class='avia-button av-ljct9ndw-f5714af36d8058bb543c2c2fcf57ba8b avia-icon_select-no avia-size-small avia-position-left avia-color-theme-color-highlight'  ><span class='avia_iconbox_title' ><i class=\"fa-solid fa-stars\"><\/i> Reserve ahora<\/span><\/a><\/div><\/p><\/div><div  class='flex_column av-zmsz-0a7324af0540f4900d36ca5a7d0f67ea av_two_fifth  avia-builder-el-25  el_after_av_three_fifth  avia-builder-el-last  flex_column_div'     ><\/div>","protected":false},"excerpt":{"rendered":"","protected":false},"author":1,"featured_media":0,"parent":0,"menu_order":0,"comment_status":"closed","ping_status":"closed","template":"","meta":{"footnotes":""},"class_list":["post-15","page","type-page","status-publish","hentry"],"_links":{"self":[{"href":"https:\/\/www.equineelite.nl\/es\/wp-json\/wp\/v2\/pages\/15","targetHints":{"allow":["GET"]}}],"collection":[{"href":"https:\/\/www.equineelite.nl\/es\/wp-json\/wp\/v2\/pages"}],"about":[{"href":"https:\/\/www.equineelite.nl\/es\/wp-json\/wp\/v2\/types\/page"}],"author":[{"embeddable":true,"href":"https:\/\/www.equineelite.nl\/es\/wp-json\/wp\/v2\/users\/1"}],"replies":[{"embeddable":true,"href":"https:\/\/www.equineelite.nl\/es\/wp-json\/wp\/v2\/comments?post=15"}],"version-history":[{"count":87,"href":"https:\/\/www.equineelite.nl\/es\/wp-json\/wp\/v2\/pages\/15\/revisions"}],"predecessor-version":[{"id":3158,"href":"https:\/\/www.equineelite.nl\/es\/wp-json\/wp\/v2\/pages\/15\/revisions\/3158"}],"wp:attachment":[{"href":"https:\/\/www.equineelite.nl\/es\/wp-json\/wp\/v2\/media?parent=15"}],"curies":[{"name":"wp","href":"https:\/\/api.w.org\/{rel}","templated":true}]}}