{"id":3,"date":"2023-06-26T11:23:16","date_gmt":"2023-06-26T11:23:16","guid":{"rendered":"https:\/\/equineelite.nl\/nieuw\/?page_id=3"},"modified":"2025-10-15T06:30:09","modified_gmt":"2025-10-15T06:30:09","slug":"voorwaarden","status":"publish","type":"page","link":"https:\/\/www.equineelite.nl\/es\/voorwaarden\/","title":{"rendered":"Condiciones"},"content":{"rendered":"<section  class='av_textblock_section av-m8yp427l-ee6364ad8940237ceeb13144f3e93d39'   itemscope=\"itemscope\" itemtype=\"https:\/\/schema.org\/CreativeWork\" ><div class='avia_textblock'  itemprop=\"text\" ><p><strong>Condiciones de la subasta<\/strong><\/p>\n<p style=\"text-align: left;\">1) Washington Events bv organiza anualmente el \u00faltimo s\u00e1bado de octubre \u201cThe Equine Elite Auction\u201d (en lo sucesivo, \"la subasta\") en el Paardensportcentrum \"Stal Korenbloem\" de Weert.<\/p>\n<p style=\"text-align: left;\">2) Washington Events bv no puede considerarse legalmente vendedor. La venta se produce entre el propietario del caballo aportado (vendedor) y el comprador. El nombre del vendedor figura en el contrato de venta y, por lo tanto, puede solicitarse a la secretar\u00eda.<\/p>\n<p style=\"text-align: left;\">3) Estas condiciones de subasta se aplican principalmente a la relaci\u00f3n entre Washington Events bv y el postor\/comprador. El postor\/comprador tambi\u00e9n incluye a cualquier sucesor\/cesionario legal.<\/p>\n<p style=\"text-align: left;\">4) La participaci\u00f3n en la subasta se considerar\u00e1 como aceptaci\u00f3n de las presentes condiciones de la subasta, con exclusi\u00f3n de las condiciones que aplique el propio participante.<\/p>\n<p style=\"text-align: left;\"><strong>La subasta:<\/strong><\/p>\n<p style=\"text-align: left;\">5) Los caballos se vender\u00e1n tal como est\u00e1n, sin derecho a reclamaci\u00f3n alguna, en el estado en que se encuentren en el momento de la adjudicaci\u00f3n.<\/p>\n<p style=\"text-align: left;\">6) El subastador tiene la facultad de cambiar el orden de los caballos a vender o rechazar a personas como postores\/compradores sin dar razones.<\/p>\n<p style=\"text-align: left;\">7) Se considerar\u00e1 que los licitadores\/compradores tienen plena capacidad de obrar y plena conciencia. Se considerar\u00e1 que cada licitador\/comprador ha pujado por s\u00ed mismo y estar\u00e1 vinculado por su oferta hasta que se acepte definitivamente una oferta superior. Un licitador\/comprador ser\u00e1 plenamente responsable, adem\u00e1s de su comitente, si lo hubiere, por el incumplimiento de sus obligaciones.<\/p>\n<p style=\"text-align: left;\">8) Los caballos registrados se vender\u00e1n por subasta al alza. Si no llega ninguna puja, el caballo no se vende. Las fases de puja ser\u00e1n determinadas por el subastador y aclaradas al p\u00fablico antes de la subasta.<\/p>\n<p style=\"text-align: left;\">9) El riesgo relativo a los caballos, incluidos, entre otros, los da\u00f1os causados a los caballos, pasar\u00e1 inmediatamente del vendedor al postor\/comprador en el momento de la adjudicaci\u00f3n. Mientras Washington Events bv no haya recibido el pago completo del postor\/comprador, el vendedor seguir\u00e1 siendo el propietario del caballo.<\/p>\n<p style=\"text-align: left;\">10) El licitador\/comprador deber\u00e1 firmar un contrato de compraventa por escrito inmediatamente despu\u00e9s de la adjudicaci\u00f3n bajo presentaci\u00f3n de identificaci\u00f3n. Si el acuerdo de compra no se presenta inmediatamente al licitador\/comprador para su firma, \u00e9ste deber\u00e1 presentarse en la secretar\u00eda de Washington Events bv inmediatamente despu\u00e9s de la subasta. La puja comenzar\u00e1 a partir de un importe m\u00ednimo de 10.000 euros.<\/p>\n<p style=\"text-align: left;\"><strong>Informaci\u00f3n sobre los caballos:<\/strong><\/p>\n<p style=\"text-align: left;\">11) Washington Events bv ha intentado elaborar el cat\u00e1logo con la mayor exactitud posible. La informaci\u00f3n sobre los pedigr\u00edes y\/o los caballos pretende dar una impresi\u00f3n de la calidad de los caballos, sin pretender ser completa y sin dar garant\u00edas. Se aconseja a los interesados que investiguen por su cuenta la exactitud de los datos publicados.<\/p>\n<p style=\"text-align: left;\">12) Se podr\u00e1 inspeccionar una copia del informe veterinario, as\u00ed como las radiograf\u00edas, previa solicitud, antes de la subasta y el mismo d\u00eda de la subasta. El contenido del informe veterinario, las radiograf\u00edas y cualquier otro informe veterinario proporcionado por Washington Events bv ser\u00e1 vinculante para Washington Events bv y el postor\/comprador.<\/p>\n<p style=\"text-align: left;\">13) Los licitadores\/compradores est\u00e1n obligados a proporcionar informaci\u00f3n sobre su solvencia financiera a petici\u00f3n de Washington Events bv, presentando documentos a Washington Events bv que demuestren dicha situaci\u00f3n. Al solicitar participar en la subasta, los licitadores\/compradores autorizan a Washington Events bv a obtener informaci\u00f3n de terceros sobre su solvencia financiera.<\/p>\n<p style=\"text-align: left;\"><strong>Costes y pago:<\/strong><\/p>\n<p style=\"text-align: left;\">14) En la subasta, el postor\/comprador pagar\u00e1 el precio de compra m\u00e1s la prima del 8% (IVA excluido) sobre el precio de compra (IVA incluido si procede), en efectivo en la secretar\u00eda de Washington Events bv, en euros sin ning\u00fan descuento o deducci\u00f3n.<\/p>\n<p style=\"text-align: left;\">15) \u00danicamente previa autorizaci\u00f3n por escrito de Washington Events bv, el postor\/comprador tendr\u00e1 derecho a pagar mediante transferencia bancaria, en cuyo caso el importe debido deber\u00e1 abonarse en el n\u00famero de cuenta de Washington Events bv en un plazo de 7 d\u00edas tras la subasta. En tal caso, Washington Events bv obligar\u00e1 al postor\/comprador a asegurar el caballo con efecto inmediato y a expensas del postor\/comprador.<\/p>\n<p style=\"text-align: left;\">16) Si el pujador\/comprador incumple esta obligaci\u00f3n, Washington Events bv tendr\u00e1 la facultad de volver a subastar inmediatamente el caballo, por lo que la puja del pujador\/comprador original no ser\u00e1 aceptada de nuevo. El pujador\/comprador original est\u00e1 obligado a pagar a Washington Events bv la diferencia entre su puja y el precio de compra final m\u00e1s bajo, as\u00ed como los costes de la nueva subasta. El pujador\/comprador no tendr\u00e1 derecho a reclamar en caso de que la recaudaci\u00f3n sea mayor tras la nueva subasta.<\/p>\n<p style=\"text-align: left;\">17) Washington Events bv tendr\u00e1 la facultad de revocar en cualquier momento el consentimiento que haya otorgado si, en su opini\u00f3n, existen dudas acerca de la solvencia financiera del licitador\/comprador o de la garant\u00eda aportada por \u00e9ste.<\/p>\n<p style=\"text-align: left;\">18) El pago a cualquier otra persona que no sea Washington Events bv, no libera al vendedor o licitador\/comprador de las obligaciones de pago frente a Washington Events bv.<\/p>\n<p style=\"text-align: left;\">19) Si Washington Events bv no ha recibido el pago completo del licitador\/comprador en un plazo de 7 d\u00edas tras la subasta, el licitador\/comprador incurrir\u00e1 en mora legal. El postor\/comprador deber\u00e1 entonces, adem\u00e1s de la otra cantidad adeudada por \u00e9l (sub 14), a Washington Events bv y en su beneficio, una compensaci\u00f3n por la cantidad de 12% (IVA incluido) del precio de compra (IVA incluido). Al importe total adeudado por el postor\/comprador en virtud de sus obligaciones de pago se le sumar\u00e1n los intereses legales, que se calcular\u00e1n desde la subasta hasta el momento del pago completo.<\/p>\n<p style=\"text-align: left;\">20) Si Washington Events bv no ha recibido el pago completo del postor\/comprador en un plazo de 7 d\u00edas tras la subasta, Washington Events bv tendr\u00e1 adem\u00e1s la autoridad sin notificaci\u00f3n de incumplimiento en nombre del vendedor y sin su consentimiento para considerar la venta como disuelta. En ese caso, el vendedor y el postor\/comprador seguir\u00e1n obligados frente a Washington Events bv a cumplir todas sus obligaciones de pago mencionadas en estas condiciones de subasta, en la medida en que se refieran a compensaciones en beneficio de Washington Events bv.<\/p>\n<p style=\"text-align: left;\">21) Si Washington no disuelve la compra, entonces Washington tiene derecho a cobrar el precio de compra y todos los costes adicionales de asistencia legal, costes de estabulaci\u00f3n\/formaci\u00f3n e intereses en nombre del vendedor, sea o no por medio de procedimientos legales bajo la ley holandesa. El vendedor cede todos sus cr\u00e9ditos frente al comprador a Washington Events bv.<br \/>\n22) Si el licitador\/comprador incumple sus obligaciones (de pago), todos los gastos (extra)judiciales en que incurra Washington Events bv como consecuencia de ello correr\u00e1n a cargo del licitador\/comprador, con un importe m\u00ednimo de 1.000,00 \u20ac IVA incluido.<\/p>\n<p style=\"text-align: left;\"><strong>Selecci\u00f3n y juzgamiento de caballos para subasta:<\/strong><\/p>\n<p style=\"text-align: left;\">23) Todos los caballos han sido sometidos a un examen veterinario antes de la subasta. Una copia del examen veterinario, as\u00ed como cualquier radiograf\u00eda, estar\u00e1n disponibles para su inspecci\u00f3n antes de la subasta. Un veterinario estar\u00e1 presente antes y durante la subasta para proporcionar aclaraciones sobre el examen veterinario.<\/p>\n<p style=\"text-align: left;\">24) Un comprador potencial tiene derecho, a sus expensas, a que uno (o m\u00e1s) caballos sean examinados y a que su(s) propio(s) veterinario(s) designado(s) realice(n) ex\u00e1menes adicionales antes de la subasta. Si, a pesar de haber tenido amplia oportunidad de hacerlo, el comprador omite someterse a su propio examen o inspecci\u00f3n, las consecuencias de ello correr\u00e1n por cuenta y riesgo del comprador en el sentido m\u00e1s amplio de la palabra.<\/p>\n<p><strong>Emisi\u00f3n y retirada de caballos:<\/strong><\/p>\n<p>25) Inmediatamente despu\u00e9s de la adjudicaci\u00f3n, el postor\/comprador es responsable del cuidado del caballo y responsable de los da\u00f1os causados al caballo y\/o causados por el caballo.<br \/>\n26) Si y s\u00f3lo despu\u00e9s de que el ofertante\/comprador haya cumplido \u00edntegramente sus obligaciones (de pago), incluidas las obligaciones de pago que impliquen una compensaci\u00f3n en beneficio de Washington Events bv, el ofertante\/comprador podr\u00e1 disponer del caballo, para lo cual recibir\u00e1 los documentos necesarios. Washington Events bv nunca estar\u00e1 obligado a entregar el caballo si el postor\/comprador no ha cumplido \u00edntegramente sus obligaciones (de pago). Transcurrido un plazo de 96 horas, salvo acuerdo expreso y confirmado por escrito, el comprador\/pujador adeudar\u00e1 a Washington Events bv una tasa de 92 euros por d\u00eda (sin IVA) en concepto de gastos de entrenamiento y estabulaci\u00f3n.<\/p>\n<p><strong>Vicios y defectos estables:<\/strong><\/p>\n<p>27) Si el postor\/comprador observa vicios de estabulaci\u00f3n en el caballo adquirido, como mordedura de cuna, tejedura o succi\u00f3n de aire, o cualquier otro defecto f\u00edsico, el postor\/comprador deber\u00e1 notificarlo por escrito a Washington Events bv en un plazo de 7 d\u00edas a partir de la subasta, proporcionando una descripci\u00f3n lo m\u00e1s detallada posible de la naturaleza del problema. A continuaci\u00f3n, Washington Events bv alojar\u00e1 al caballo en el lugar que ella determine y har\u00e1 que un veterinario designado por ella examine al caballo para detectar los vicios o defectos del establo descritos por el postor\/comprador. Dicho veterinario determinar\u00e1 de forma vinculante la naturaleza del vicio o defecto de estabulaci\u00f3n. Si, en opini\u00f3n de dicho veterinario, los vicios o defectos de estabulaci\u00f3n descritos por el postor\/comprador est\u00e1n presentes, el postor\/comprador tendr\u00e1 derecho a anular la venta.<br \/>\n28) Si el postor\/comprador no notifica dichos vicios de postura u (otros) defectos en el plazo de 7 d\u00edas tras la subasta en la forma antes indicada y\/o si el veterinario antes mencionado no constata los vicios de postura u (otros) defectos, caducar\u00e1 el derecho del postor\/comprador a rescindir la venta o invocar una falta de voluntad.<\/p>\n<p><strong>Disoluci\u00f3n y anulaci\u00f3n:<\/strong><\/p>\n<p>29) Si la venta es rescindida o anulada legalmente por el postor\/comprador o el vendedor, el postor\/comprador seguir\u00e1 estando obligado a cumplir todas sus obligaciones de pago frente a Washington Events bv mencionadas en estas condiciones de subasta, en la medida en que se refieran a compensaciones en beneficio de Washington Events bv. La venta podr\u00e1 disolverse o anularse con la debida observancia de las disposiciones legales pertinentes en vigor, en la medida en que las presentes condiciones de subasta no se aparten de ellas de forma jur\u00eddicamente v\u00e1lida.<\/p>\n<p><strong>Responsabilidad civil:<\/strong><\/p>\n<p>30) Aunque Washington Events bv se esfuerza por proporcionar informaci\u00f3n lo m\u00e1s completa y exacta posible, Washington Events bv no se hace responsable de la exactitud de la informaci\u00f3n del cat\u00e1logo, la informaci\u00f3n facilitada en el lugar de la subasta y la informaci\u00f3n durante la subasta.<br \/>\n31) Washington Events bv no se hace responsable de la exactitud de la informaci\u00f3n contenida en el informe veterinario, la informaci\u00f3n veterinaria facilitada en el lugar de la subasta y la informaci\u00f3n durante la subasta. A tal efecto, el comprador\/ofertante deber\u00e1 ponerse en contacto con el veterinario.<br \/>\n32) Washington Events bv no se hace responsable de ning\u00fan da\u00f1o sufrido por y\/o a personas, bienes o caballos antes, durante o despu\u00e9s de la subasta.<br \/>\n33) Con respecto a los caballos, Washington Events bv no contrata seguros por cuenta de los postores\/compradores. Dado que los pujadores\/compradores participan en la subasta por su propia cuenta y riesgo, Washington Events bv les aconseja que contraten ellos mismos dicho seguro.<br \/>\n34) Washington Events bv no se hace responsable de los incumplimientos de terceros.<br \/>\n35) Washington Events bv excluye cualquier responsabilidad, excepto en caso de dolo o culpa grave de Washington Events bv.<br \/>\n36) Cualquier persona que cause da\u00f1os a (bienes de o utilizados por) Washington Events bv es responsable de dichos da\u00f1os.<br \/>\n37) Los licitadores\/compradores ser\u00e1n responsables de todos los da\u00f1os que causen. Los licitadores\/compradores indemnizan y exoneran a Washington Events bv de cualquier reclamaci\u00f3n de terceros (incluidos otros licitadores\/compradores, o visitantes o expositores) a este respecto.<\/p>\n<p><strong>Otros:<\/strong><\/p>\n<p>38) Si, en lo que respecta a la transferencia de caballos subastados a otro Estado miembro de la Uni\u00f3n Europea, la facturaci\u00f3n se realiza al tipo cero de IVA a petici\u00f3n del ofertante\/comprador, \u00e9ste se compromete a cumplir todas las condiciones necesarias a tal efecto para lograr una transacci\u00f3n intracomunitaria jur\u00eddicamente v\u00e1lida.<br \/>\n39) Si, en relaci\u00f3n con el traslado de caballos subastados a un pa\u00eds no perteneciente a la Uni\u00f3n Europea, se factura el tipo cero de IVA a petici\u00f3n del ofertante\/comprador, \u00e9ste se compromete a cumplir todas las condiciones necesarias a tal efecto para lograr una transacci\u00f3n de exportaci\u00f3n legalmente v\u00e1lida.<br \/>\n40). En caso de que la aplicaci\u00f3n del tipo cero de IVA no sea posible por cualquier circunstancia (posterior), el licitador\/comprador deber\u00e1 en ese momento un importe igual al que se adeudar\u00eda si se produjera una entrega nacional del caballo en cuesti\u00f3n. Sin embargo, a petici\u00f3n de Washington Events bv, el ofertante\/comprador estar\u00e1 obligado a pagar inmediatamente la cantidad mencionada a Washington Events bv. El reembolso s\u00f3lo tendr\u00e1 lugar si el ofertante\/comprador ha cumplido las condiciones de Washington Events bv (sub 38\/39). El licitador\/comprador ser\u00e1 responsable y en cualquier caso indemnizar\u00e1 a Washington Events bv por todos los da\u00f1os resultantes del incumplimiento de las condiciones (sub 38\/39). Adem\u00e1s, el licitador\/comprador ser\u00e1 responsable de todos los costes (extra)judiciales en los que incurra Washington Events bv, con un importe m\u00ednimo de 1.000,00 euros, IVA incluido.<\/p>\n<p><strong>Conversi\u00f3n:<\/strong><\/p>\n<p>41) En caso de que una o varias de las disposiciones mencionadas en las presentes condiciones generales de subasta no sean o pasen a ser legalmente v\u00e1lidas, las dem\u00e1s disposiciones seguir\u00e1n siendo legalmente v\u00e1lidas. En ese caso, una nueva disposici\u00f3n ocupar\u00e1 el lugar de dicha disposici\u00f3n inv\u00e1lida, que se corresponder\u00e1 con la antigua disposici\u00f3n inv\u00e1lida en la medida de lo posible en cuanto a contenido, alcance y finalidad.<\/p>\n<p><strong>Disputas<\/strong>:<\/p>\n<p>42) El presente documento constituye \u00fanicamente una traducci\u00f3n del texto original en neerland\u00e9s. En caso de cualquier controversia, discrepancia o diferencia de interpretaci\u00f3n, prevalecer\u00e1 exclusivamente el texto redactado en neerland\u00e9s, el cual ser\u00e1 el \u00fanico jur\u00eddicamente v\u00e1lido y vinculante.<\/p>\n<p>43) En caso de que surja una diferencia de opini\u00f3n sobre una adjudicaci\u00f3n en cuanto a qui\u00e9n hizo la \u00faltima puja, o si surgen otras dificultades, ambig\u00fcedades y disputas sobre las pujas y\/o sobre la adjudicaci\u00f3n, el subastador est\u00e1 autorizado a pronunciar una opini\u00f3n vinculante al respecto. En caso de discrepancia sobre la \u00faltima puja, el subastador est\u00e1 autorizado a continuar la venta mediante subasta.<\/p>\n<p>44) Las relaciones jur\u00eddicas entre Washington Events bv y el ofertante\/comprador se regir\u00e1n exclusivamente por el derecho neerland\u00e9s, con exclusi\u00f3n total de la Convenci\u00f3n de Viena sobre los Contratos de Compraventa Internacional de Mercader\u00edas (CISG). Los litigios que no est\u00e9n sujetos al juicio del subastador o del notario como resultado de las disposiciones del punto 40 ser\u00e1n resueltos exclusivamente por el tribunal competente de Roermond.<\/p>\n<\/div><\/section>","protected":false},"excerpt":{"rendered":"","protected":false},"author":1,"featured_media":0,"parent":0,"menu_order":0,"comment_status":"closed","ping_status":"open","template":"","meta":{"footnotes":""},"class_list":["post-3","page","type-page","status-publish","hentry"],"_links":{"self":[{"href":"https:\/\/www.equineelite.nl\/es\/wp-json\/wp\/v2\/pages\/3","targetHints":{"allow":["GET"]}}],"collection":[{"href":"https:\/\/www.equineelite.nl\/es\/wp-json\/wp\/v2\/pages"}],"about":[{"href":"https:\/\/www.equineelite.nl\/es\/wp-json\/wp\/v2\/types\/page"}],"author":[{"embeddable":true,"href":"https:\/\/www.equineelite.nl\/es\/wp-json\/wp\/v2\/users\/1"}],"replies":[{"embeddable":true,"href":"https:\/\/www.equineelite.nl\/es\/wp-json\/wp\/v2\/comments?post=3"}],"version-history":[{"count":28,"href":"https:\/\/www.equineelite.nl\/es\/wp-json\/wp\/v2\/pages\/3\/revisions"}],"predecessor-version":[{"id":3166,"href":"https:\/\/www.equineelite.nl\/es\/wp-json\/wp\/v2\/pages\/3\/revisions\/3166"}],"wp:attachment":[{"href":"https:\/\/www.equineelite.nl\/es\/wp-json\/wp\/v2\/media?parent=3"}],"curies":[{"name":"wp","href":"https:\/\/api.w.org\/{rel}","templated":true}]}}