{"id":57,"date":"2023-06-26T12:15:31","date_gmt":"2023-06-26T12:15:31","guid":{"rendered":"https:\/\/equineelite.nl\/nieuw\/?page_id=57"},"modified":"2023-07-15T16:37:50","modified_gmt":"2023-07-15T16:37:50","slug":"selectie","status":"publish","type":"page","link":"https:\/\/www.equineelite.nl\/es\/informatie\/selectie\/","title":{"rendered":"Selecci\u00f3n"},"content":{"rendered":"<style type=\"text\/css\" data-created_by=\"avia_inline_auto\" id=\"style-css-av-8s8x5-927cef7cc2566cbd75ca610f0ae2482a\">\n.avia-section.av-8s8x5-927cef7cc2566cbd75ca610f0ae2482a{\nbackground-color:#10100f;\nbackground-image:url(https:\/\/www.equineelite.nl\/wp-content\/uploads\/2023\/06\/Banner-content-min.png);\nbackground-repeat:no-repeat;\nbackground-position:50% 0%;\nbackground-attachment:scroll;\n}\n<\/style>\n<div id='av_section_1'  class='avia-section av-8s8x5-927cef7cc2566cbd75ca610f0ae2482a main_color avia-section-default avia-no-border-styling  avia-builder-el-0  el_before_av_three_fifth  avia-builder-el-first  avia-full-contain avia-bg-style-scroll container_wrap fullsize'  data-section-bg-repeat='contain'><div class='container av-section-cont-open' ><main  role=\"main\" itemprop=\"mainContentOfPage\"  class='template-page content  av-content-full alpha units'><div class='post-entry post-entry-type-page post-entry-57'><div class='entry-content-wrapper clearfix'>\n<div class='flex_column_table av-s5p9-b33cb3fe34c463565987b37daf856c5d sc-av_three_fifth av-equal-height-column-flextable'>\n<style type=\"text\/css\" data-created_by=\"avia_inline_auto\" id=\"style-css-av-s5p9-b33cb3fe34c463565987b37daf856c5d\">\n.flex_column.av-s5p9-b33cb3fe34c463565987b37daf856c5d{\nwidth:58.8%;\nmargin-left:0;\n-webkit-border-radius:5px 5px 5px 5px;\n-moz-border-radius:5px 5px 5px 5px;\nborder-radius:5px 5px 5px 5px;\npadding:30px 30px 30px 30px;\nbackground-color:#252D33;\n}\n#top .flex_column_table.av-equal-height-column-flextable.av-s5p9-b33cb3fe34c463565987b37daf856c5d .av-flex-placeholder{\nwidth:3%;\n}\n<\/style>\n<div  class='flex_column av-s5p9-b33cb3fe34c463565987b37daf856c5d av_three_fifth  avia-builder-el-1  el_before_av_two_fifth  avia-builder-el-first  first flex_column_table_cell av-equal-height-column av-align-middle'     ><section  class='av_textblock_section av-ljffjo3b-c9bff76a2315cab87c813445f9969864'   itemscope=\"itemscope\" itemtype=\"https:\/\/schema.org\/CreativeWork\" ><div class='avia_textblock'  itemprop=\"text\" ><h2>Selecci\u00f3n<\/h2>\n<p>Inscr\u00edbete<\/p>\n<ul>\n<li>Las jornadas de selecci\u00f3n se celebrar\u00e1n del 1 al 7 de agosto en las caballerizas Korenbloem de Weert.<\/li>\n<li>Las jornadas de selecci\u00f3n son gratuitas.<\/li>\n<li>Puede inscribir a su caballo rellenando el formulario de inscripci\u00f3n que figura a continuaci\u00f3n o enviando un correo electr\u00f3nico a: <a href=\"mailto:info@equineelite.nl\">info@equineelite.nl <\/a>\u00a0con los datos de su caballo y la fecha y hora deseadas. Tambi\u00e9n puede llamar a Jenneke Spanjers +31 (0)623 787 988 o Kebie van der Heijden +31 (0)651 312 742<\/li>\n<\/ul>\n<\/div><\/section><\/div><div class='av-flex-placeholder'><\/div>\n<style type=\"text\/css\" data-created_by=\"avia_inline_auto\" id=\"style-css-av-7nsil-5f8c2f5c4feaba76b52ff93c8a151216\">\n.flex_column.av-7nsil-5f8c2f5c4feaba76b52ff93c8a151216{\nwidth:38.2%;\nmargin-left:0;\n}\n#top .flex_column_table.av-equal-height-column-flextable.av-7nsil-5f8c2f5c4feaba76b52ff93c8a151216 .av-flex-placeholder{\nwidth:3%;\n}\n<\/style>\n<div  class='flex_column av-7nsil-5f8c2f5c4feaba76b52ff93c8a151216 av_two_fifth  avia-builder-el-3  el_after_av_three_fifth  el_before_av_two_fifth  flex_column_table_cell av-equal-height-column av-align-middle'     ><style type=\"text\/css\" data-created_by=\"avia_inline_auto\" id=\"style-css-av-6y629-ebc8f3d8d126d985fc36fb9ecd591650\">\n.avia-image-container.av-6y629-ebc8f3d8d126d985fc36fb9ecd591650 img.avia_image{\nbox-shadow:none;\n}\n.avia-image-container.av-6y629-ebc8f3d8d126d985fc36fb9ecd591650 .av-image-caption-overlay-center{\ncolor:#ffffff;\n}\n<\/style>\n<div  class='avia-image-container av-6y629-ebc8f3d8d126d985fc36fb9ecd591650 av-styling-no-styling avia-align-center  avia-builder-el-4  avia-builder-el-no-sibling'   itemprop=\"image\" itemscope=\"itemscope\" itemtype=\"https:\/\/schema.org\/ImageObject\" ><div class=\"avia-image-container-inner\"><div class=\"avia-image-overlay-wrap\"><img decoding=\"async\" class='wp-image-226 avia-img-lazy-loading-not-226 avia_image' src=\"https:\/\/www.equineelite.nl\/wp-content\/uploads\/2023\/06\/Selectie-1.1.png\" alt='' title='Selecci\u00f3n 1.1'  height=\"778\" width=\"1136\"  itemprop=\"thumbnailUrl\" srcset=\"https:\/\/www.equineelite.nl\/wp-content\/uploads\/2023\/06\/Selectie-1.1.png 1136w, https:\/\/www.equineelite.nl\/wp-content\/uploads\/2023\/06\/Selectie-1.1-300x205.png 300w, https:\/\/www.equineelite.nl\/wp-content\/uploads\/2023\/06\/Selectie-1.1-1030x705.png 1030w, https:\/\/www.equineelite.nl\/wp-content\/uploads\/2023\/06\/Selectie-1.1-768x526.png 768w, https:\/\/www.equineelite.nl\/wp-content\/uploads\/2023\/06\/Selectie-1.1-705x483.png 705w\" sizes=\"(max-width: 1136px) 100vw, 1136px\" \/><\/div><\/div><\/div><\/div><\/div><!--close column table wrapper. Autoclose: 1 --><div class='flex_column_table av-5jayt-3f806f110189b9916033b326b8af2295 sc-av_two_fifth av-equal-height-column-flextable'>\n<style type=\"text\/css\" data-created_by=\"avia_inline_auto\" id=\"style-css-av-5jayt-3f806f110189b9916033b326b8af2295\">\n.flex_column.av-5jayt-3f806f110189b9916033b326b8af2295{\nwidth:38.2%;\nmargin-left:0;\n}\n#top .flex_column_table.av-equal-height-column-flextable.av-5jayt-3f806f110189b9916033b326b8af2295 .av-flex-placeholder{\nwidth:3%;\n}\n<\/style>\n<div  class='flex_column av-5jayt-3f806f110189b9916033b326b8af2295 av_two_fifth  avia-builder-el-5  el_after_av_two_fifth  el_before_av_three_fifth  first flex_column_table_cell av-equal-height-column av-align-middle'     ><style type=\"text\/css\" data-created_by=\"avia_inline_auto\" id=\"style-css-av-5b6rd-257f4db74934df9a64e44860dfe19f81\">\n.avia-image-container.av-5b6rd-257f4db74934df9a64e44860dfe19f81 img.avia_image{\nbox-shadow:none;\n}\n.avia-image-container.av-5b6rd-257f4db74934df9a64e44860dfe19f81 .av-image-caption-overlay-center{\ncolor:#ffffff;\n}\n<\/style>\n<div  class='avia-image-container av-5b6rd-257f4db74934df9a64e44860dfe19f81 av-styling-no-styling avia-align-center  avia-builder-el-6  avia-builder-el-no-sibling'   itemprop=\"image\" itemscope=\"itemscope\" itemtype=\"https:\/\/schema.org\/ImageObject\" ><div class=\"avia-image-container-inner\"><div class=\"avia-image-overlay-wrap\"><img decoding=\"async\" class='wp-image-227 avia-img-lazy-loading-not-227 avia_image' src=\"https:\/\/www.equineelite.nl\/wp-content\/uploads\/2023\/06\/Selectie-1.2.png\" alt='' title='Selecci\u00f3n 1.2'  height=\"778\" width=\"1136\"  itemprop=\"thumbnailUrl\" srcset=\"https:\/\/www.equineelite.nl\/wp-content\/uploads\/2023\/06\/Selectie-1.2.png 1136w, https:\/\/www.equineelite.nl\/wp-content\/uploads\/2023\/06\/Selectie-1.2-300x205.png 300w, https:\/\/www.equineelite.nl\/wp-content\/uploads\/2023\/06\/Selectie-1.2-1030x705.png 1030w, https:\/\/www.equineelite.nl\/wp-content\/uploads\/2023\/06\/Selectie-1.2-768x526.png 768w, https:\/\/www.equineelite.nl\/wp-content\/uploads\/2023\/06\/Selectie-1.2-705x483.png 705w\" sizes=\"(max-width: 1136px) 100vw, 1136px\" \/><\/div><\/div><\/div><\/div><div class='av-flex-placeholder'><\/div>\n<style type=\"text\/css\" data-created_by=\"avia_inline_auto\" id=\"style-css-av-43fj1-87c2d3d3dea3cc9f583d8ce4e6bf6346\">\n.flex_column.av-43fj1-87c2d3d3dea3cc9f583d8ce4e6bf6346{\nwidth:58.8%;\nmargin-left:0;\n-webkit-border-radius:5px 5px 5px 5px;\n-moz-border-radius:5px 5px 5px 5px;\nborder-radius:5px 5px 5px 5px;\npadding:30px 30px 30px 30px;\nbackground-color:#252D33;\n}\n#top .flex_column_table.av-equal-height-column-flextable.av-43fj1-87c2d3d3dea3cc9f583d8ce4e6bf6346 .av-flex-placeholder{\nwidth:3%;\n}\n<\/style>\n<div  class='flex_column av-43fj1-87c2d3d3dea3cc9f583d8ce4e6bf6346 av_three_fifth  avia-builder-el-7  el_after_av_two_fifth  avia-builder-el-last  flex_column_table_cell av-equal-height-column av-align-middle'     ><section  class='av_textblock_section av-35n3d-9dba635fcebb89b8f300a7f230413f7d'   itemscope=\"itemscope\" itemtype=\"https:\/\/schema.org\/CreativeWork\" ><div class='avia_textblock'  itemprop=\"text\" ><section class=\"av_textblock_section av-12qnfb-1cc89ee1f5d286935b0cb934e3c9ed3f\">\n<div class=\"avia_textblock\">\n<h3>\u00bfC\u00f3mo funciona el proceso de selecci\u00f3n?<\/h3>\n<ul>\n<li>Los caballos deben estar trenzados y previamente montados con vendas blancas.<\/li>\n<li>A continuaci\u00f3n, el caballo es montado y probado por (uno de) nuestros jinetes de pruebas.<\/li>\n<li>Los caballos ser\u00e1n juzgados por el presente comit\u00e9 de selecci\u00f3n y el (los) jinete(s).<\/li>\n<li>Los caballos se fotograf\u00edan montados.<\/li>\n<li>Durante la selecci\u00f3n, debe revelar por escrito toda la informaci\u00f3n conocida sobre el historial del caballo (m\u00e9dico, rendimiento, comportamiento (en la cuadra), etc.).<\/li>\n<li>Si su caballo es seleccionado, deber\u00e1 someterse a radiograf\u00edas e inspecciones cl\u00ednicas (previa cita) en una de las consultas veterinarias designadas.<\/li>\n<li>Tras la aprobaci\u00f3n del veterinario, se acuerda con usted una fecha de entrega. Suele ser entre el 15 de septiembre y el 1 de octubre.<\/li>\n<li>A continuaci\u00f3n, seguiremos entrenando a su caballo y se lo presentaremos a posibles clientes hasta la subasta (el \u00faltimo s\u00e1bado de octubre).<\/li>\n<\/ul>\n<\/div>\n<\/section>\n<div class=\"avia-image-container av-xwi4v-ea6dcf495dae519d2a600b2184753b60 av-styling- avia-align-center avia-builder-el-2 el_after_av_textblock avia-builder-el-last\">\n<div class=\"avia-image-container-inner\">\n<div class=\"avia-image-overlay-wrap\"><img decoding=\"async\" class=\"wp-image- avia-img-lazy-loading-not- avia_image\" title=\"\" src=\"https:\/\/www.equineelite.nl\/\/wp-content\/uploads\/2016\/08\/toro-beweging-300x200.jpg\" alt=\"\" \/><\/div>\n<\/div>\n<\/div>\n<\/div><\/section><\/div><\/div><!--close column table wrapper. Autoclose: 1 -->\n<\/div><\/div><\/main><!-- close content main element --><\/div><\/div><div id='after_section_1'  class='main_color av_default_container_wrap container_wrap fullsize'  ><div class='container av-section-cont-open' ><div class='template-page content  av-content-full alpha units'><div class='post-entry post-entry-type-page post-entry-57'><div class='entry-content-wrapper clearfix'>\n\n<style type=\"text\/css\" data-created_by=\"avia_inline_auto\" id=\"style-css-av-15h0t-8a8a4a14bdd2f9469b93aa9f11779600\">\n.flex_column.av-15h0t-8a8a4a14bdd2f9469b93aa9f11779600{\n-webkit-border-radius:5px 5px 5px 5px;\n-moz-border-radius:5px 5px 5px 5px;\nborder-radius:5px 5px 5px 5px;\npadding:30px 30px 30px 30px;\nbackground-color:#96794b;\n}\n<\/style>\n<div  class='flex_column av-15h0t-8a8a4a14bdd2f9469b93aa9f11779600 av_three_fifth  avia-builder-el-9  el_after_av_section  avia-builder-el-no-sibling  first flex_column_div'     ><section  class='av_textblock_section av-lk46spq5-b3f81f20a42977e6457b24afb573f1e1'   itemscope=\"itemscope\" itemtype=\"https:\/\/schema.org\/CreativeWork\" ><div class='avia_textblock'  itemprop=\"text\" ><h2><span style=\"color: #ffffff;\"><strong>Formulario de inscripci\u00f3n D\u00edas de selecci\u00f3n<\/strong><\/span><\/h2>\n<\/div><\/section><br \/>\n<\/p><\/div>","protected":false},"excerpt":{"rendered":"","protected":false},"author":1,"featured_media":0,"parent":51,"menu_order":0,"comment_status":"closed","ping_status":"closed","template":"","meta":{"footnotes":""},"class_list":["post-57","page","type-page","status-publish","hentry"],"_links":{"self":[{"href":"https:\/\/www.equineelite.nl\/es\/wp-json\/wp\/v2\/pages\/57","targetHints":{"allow":["GET"]}}],"collection":[{"href":"https:\/\/www.equineelite.nl\/es\/wp-json\/wp\/v2\/pages"}],"about":[{"href":"https:\/\/www.equineelite.nl\/es\/wp-json\/wp\/v2\/types\/page"}],"author":[{"embeddable":true,"href":"https:\/\/www.equineelite.nl\/es\/wp-json\/wp\/v2\/users\/1"}],"replies":[{"embeddable":true,"href":"https:\/\/www.equineelite.nl\/es\/wp-json\/wp\/v2\/comments?post=57"}],"version-history":[{"count":18,"href":"https:\/\/www.equineelite.nl\/es\/wp-json\/wp\/v2\/pages\/57\/revisions"}],"predecessor-version":[{"id":3155,"href":"https:\/\/www.equineelite.nl\/es\/wp-json\/wp\/v2\/pages\/57\/revisions\/3155"}],"up":[{"embeddable":true,"href":"https:\/\/www.equineelite.nl\/es\/wp-json\/wp\/v2\/pages\/51"}],"wp:attachment":[{"href":"https:\/\/www.equineelite.nl\/es\/wp-json\/wp\/v2\/media?parent=57"}],"curies":[{"name":"wp","href":"https:\/\/api.w.org\/{rel}","templated":true}]}}