{"id":59,"date":"2023-06-26T12:15:42","date_gmt":"2023-06-26T12:15:42","guid":{"rendered":"https:\/\/equineelite.nl\/nieuw\/?page_id=59"},"modified":"2023-11-04T11:45:23","modified_gmt":"2023-11-04T11:45:23","slug":"keuring","status":"publish","type":"page","link":"https:\/\/www.equineelite.nl\/es\/informatie\/keuring\/","title":{"rendered":"Inspecci\u00f3n"},"content":{"rendered":"<style type=\"text\/css\" data-created_by=\"avia_inline_auto\" id=\"style-css-av-ljfeys87-82bf6461385546c960eece29b52a93e4\">\n.avia-section.av-ljfeys87-82bf6461385546c960eece29b52a93e4{\nbackground-color:#10100f;\nbackground-image:url(https:\/\/www.equineelite.nl\/wp-content\/uploads\/2023\/06\/Banner-content-min.png);\nbackground-repeat:no-repeat;\nbackground-position:50% 0%;\nbackground-attachment:scroll;\n}\n<\/style>\n<div id='av_section_1'  class='avia-section av-ljfeys87-82bf6461385546c960eece29b52a93e4 main_color avia-section-default avia-no-border-styling  avia-builder-el-0  el_before_av_section  avia-builder-el-first  avia-full-contain avia-bg-style-scroll container_wrap fullsize'  data-section-bg-repeat='contain'><div class='container av-section-cont-open' ><main  role=\"main\" itemprop=\"mainContentOfPage\"  class='template-page content  av-content-full alpha units'><div class='post-entry post-entry-type-page post-entry-59'><div class='entry-content-wrapper clearfix'>\n<div class='flex_column_table av-ljff03ns-f77a1b5cc31bce0921918cb97849e49c sc-av_three_fifth av-equal-height-column-flextable'>\n<style type=\"text\/css\" data-created_by=\"avia_inline_auto\" id=\"style-css-av-ljff03ns-f77a1b5cc31bce0921918cb97849e49c\">\n.flex_column.av-ljff03ns-f77a1b5cc31bce0921918cb97849e49c{\nwidth:58.8%;\nmargin-left:0;\n-webkit-border-radius:5px 5px 5px 5px;\n-moz-border-radius:5px 5px 5px 5px;\nborder-radius:5px 5px 5px 5px;\npadding:30px 30px 30px 30px;\nbackground-color:#252D33;\n}\n#top .flex_column_table.av-equal-height-column-flextable.av-ljff03ns-f77a1b5cc31bce0921918cb97849e49c .av-flex-placeholder{\nwidth:3%;\n}\n<\/style>\n<div  class='flex_column av-ljff03ns-f77a1b5cc31bce0921918cb97849e49c av_three_fifth  avia-builder-el-1  el_before_av_two_fifth  avia-builder-el-first  first flex_column_table_cell av-equal-height-column av-align-middle'     ><section  class='av_textblock_section av-2hbv3-23e56f8a7b9d6de3cf63311806898f69'   itemscope=\"itemscope\" itemtype=\"https:\/\/schema.org\/CreativeWork\" ><div class='avia_textblock'  itemprop=\"text\" ><h2>Inspecciones<\/h2>\n<p>Los resultados resumidos basados en las radiograf\u00edas realizadas se publicar\u00e1n en el cat\u00e1logo. Esto le da la oportunidad de revisar los hallazgos veterinarios de cada caballo en forma de un breve resumen. Si desea informaci\u00f3n detallada sobre las radiograf\u00edas realizadas y el cuadro cl\u00ednico, p\u00f3ngase en contacto con el veterinario. Tambi\u00e9n es posible recibir las radiograf\u00edas y los informes de valoraci\u00f3n por correo electr\u00f3nico previa solicitud, antes de la subasta. Durante la(s) presentaci\u00f3n(es) y la subasta, nuestros veterinarios estar\u00e1n a su disposici\u00f3n para responder a todas sus preguntas.<\/p>\n<p>Si desea que su propio veterinario examine a uno o varios caballos o que se tomen radiograf\u00edas adicionales, por supuesto es posible.<\/p>\n<p>Si tiene preguntas sobre las inspecciones y los resultados, p\u00f3ngase en contacto con el Centro Veterinario Someren:<\/p>\n<p>Tel: +31 493 441070<\/p>\n<p>e mail: <a href=\"mailto:Secretariaat.Paard@vc-someren.nl\" target=\"_blank\" rel=\"noopener\">Secretar\u00eda.Caballo@vc-<wbr \/><span class=\"il\">someren<\/span>.es<\/a><\/p>\n<\/div><\/section><\/div><div class='av-flex-placeholder'><\/div>\n<style type=\"text\/css\" data-created_by=\"avia_inline_auto\" id=\"style-css-av-2a6dn-14158e49727d335b143421d4cab1a48f\">\n.flex_column.av-2a6dn-14158e49727d335b143421d4cab1a48f{\nwidth:38.2%;\nmargin-left:0;\n}\n#top .flex_column_table.av-equal-height-column-flextable.av-2a6dn-14158e49727d335b143421d4cab1a48f .av-flex-placeholder{\nwidth:3%;\n}\n<\/style>\n<div  class='flex_column av-2a6dn-14158e49727d335b143421d4cab1a48f av_two_fifth  avia-builder-el-3  el_after_av_three_fifth  el_before_av_two_fifth  flex_column_table_cell av-equal-height-column av-align-middle'     ><p>\n<style type=\"text\/css\" data-created_by=\"avia_inline_auto\" id=\"style-css-av-1pieb-9091931c60f7d6f9408153d4d2f6b9ee\">\n.avia-image-container.av-1pieb-9091931c60f7d6f9408153d4d2f6b9ee img.avia_image{\nbox-shadow:none;\n}\n.avia-image-container.av-1pieb-9091931c60f7d6f9408153d4d2f6b9ee .av-image-caption-overlay-center{\ncolor:#ffffff;\n}\n<\/style>\n<div  class='avia-image-container av-1pieb-9091931c60f7d6f9408153d4d2f6b9ee av-styling-no-styling avia-align-center  avia-builder-el-4  el_before_av_textblock  avia-builder-el-first'   itemprop=\"image\" itemscope=\"itemscope\" itemtype=\"https:\/\/schema.org\/ImageObject\" ><div class=\"avia-image-container-inner\"><div class=\"avia-image-overlay-wrap\"><img decoding=\"async\" class='wp-image-565 avia-img-lazy-loading-not-565 avia_image' src=\"https:\/\/www.equineelite.nl\/wp-content\/uploads\/2023\/07\/Enzerink3.png\" alt='' title='Enzerink3'  height=\"778\" width=\"1136\"  itemprop=\"thumbnailUrl\" srcset=\"https:\/\/www.equineelite.nl\/wp-content\/uploads\/2023\/07\/Enzerink3.png 1136w, https:\/\/www.equineelite.nl\/wp-content\/uploads\/2023\/07\/Enzerink3-300x205.png 300w, https:\/\/www.equineelite.nl\/wp-content\/uploads\/2023\/07\/Enzerink3-1030x705.png 1030w, https:\/\/www.equineelite.nl\/wp-content\/uploads\/2023\/07\/Enzerink3-768x526.png 768w, https:\/\/www.equineelite.nl\/wp-content\/uploads\/2023\/07\/Enzerink3-18x12.png 18w, https:\/\/www.equineelite.nl\/wp-content\/uploads\/2023\/07\/Enzerink3-705x483.png 705w\" sizes=\"(max-width: 1136px) 100vw, 1136px\" \/><\/div><\/div><\/div><br \/>\n\n<style type=\"text\/css\" data-created_by=\"avia_inline_auto\" id=\"style-css-av-12flz-2b524fa923e1396cffea4babc328421d\">\n#top .av_textblock_section.av-12flz-2b524fa923e1396cffea4babc328421d .avia_textblock{\nfont-size:16px;\n}\n<\/style>\n<section  class='av_textblock_section av-12flz-2b524fa923e1396cffea4babc328421d'   itemscope=\"itemscope\" itemtype=\"https:\/\/schema.org\/CreativeWork\" ><div class='avia_textblock'  itemprop=\"text\" ><p style=\"text-align: center;\">Dr Edwin Enzerink - Actual veterinario del equipo holand\u00e9s<\/p>\n<\/div><\/section><\/p><\/div><\/div><!--close column table wrapper. Autoclose: 1 --><div class='flex_column_table av-ljff0wfe-25e105f9300d5aad1efbc5e05944a349 sc-av_two_fifth av-equal-height-column-flextable'>\n<style type=\"text\/css\" data-created_by=\"avia_inline_auto\" id=\"style-css-av-ljff0wfe-25e105f9300d5aad1efbc5e05944a349\">\n.flex_column.av-ljff0wfe-25e105f9300d5aad1efbc5e05944a349{\nwidth:38.2%;\nmargin-left:0;\n}\n#top .flex_column_table.av-equal-height-column-flextable.av-ljff0wfe-25e105f9300d5aad1efbc5e05944a349 .av-flex-placeholder{\nwidth:3%;\n}\n<\/style>\n<div  class='flex_column av-ljff0wfe-25e105f9300d5aad1efbc5e05944a349 av_two_fifth  avia-builder-el-6  el_after_av_two_fifth  el_before_av_three_fifth  first flex_column_table_cell av-equal-height-column av-align-middle'     ><p>\n<style type=\"text\/css\" data-created_by=\"avia_inline_auto\" id=\"style-css-av-ljtuq121-a9a9ecdfd7ce1d9ab923333acd6eab17\">\n.avia-image-container.av-ljtuq121-a9a9ecdfd7ce1d9ab923333acd6eab17 img.avia_image{\nbox-shadow:none;\n}\n.avia-image-container.av-ljtuq121-a9a9ecdfd7ce1d9ab923333acd6eab17 .av-image-caption-overlay-center{\ncolor:#ffffff;\n}\n<\/style>\n<div  class='avia-image-container av-ljtuq121-a9a9ecdfd7ce1d9ab923333acd6eab17 av-styling- avia-align-center  avia-builder-el-7  el_before_av_textblock  avia-builder-el-first'   itemprop=\"image\" itemscope=\"itemscope\" itemtype=\"https:\/\/schema.org\/ImageObject\" ><div class=\"avia-image-container-inner\"><div class=\"avia-image-overlay-wrap\"><img decoding=\"async\" class='wp-image-557 avia-img-lazy-loading-not-557 avia_image' src=\"https:\/\/www.equineelite.nl\/wp-content\/uploads\/2023\/07\/Arie-Hoogendoorn2.png\" alt='' title='Arie Hoogendoorn2'  height=\"790\" width=\"1136\"  itemprop=\"thumbnailUrl\" srcset=\"https:\/\/www.equineelite.nl\/wp-content\/uploads\/2023\/07\/Arie-Hoogendoorn2.png 1136w, https:\/\/www.equineelite.nl\/wp-content\/uploads\/2023\/07\/Arie-Hoogendoorn2-300x209.png 300w, https:\/\/www.equineelite.nl\/wp-content\/uploads\/2023\/07\/Arie-Hoogendoorn2-1030x716.png 1030w, https:\/\/www.equineelite.nl\/wp-content\/uploads\/2023\/07\/Arie-Hoogendoorn2-768x534.png 768w, https:\/\/www.equineelite.nl\/wp-content\/uploads\/2023\/07\/Arie-Hoogendoorn2-18x12.png 18w, https:\/\/www.equineelite.nl\/wp-content\/uploads\/2023\/07\/Arie-Hoogendoorn2-705x490.png 705w\" sizes=\"(max-width: 1136px) 100vw, 1136px\" \/><\/div><\/div><\/div><br \/>\n\n<style type=\"text\/css\" data-created_by=\"avia_inline_auto\" id=\"style-css-av-ljff4zsu-ea03165fb0d5d710624908fd31041856\">\n#top .av_textblock_section.av-ljff4zsu-ea03165fb0d5d710624908fd31041856 .avia_textblock{\nfont-size:16px;\n}\n<\/style>\n<section  class='av_textblock_section av-ljff4zsu-ea03165fb0d5d710624908fd31041856'   itemscope=\"itemscope\" itemtype=\"https:\/\/schema.org\/CreativeWork\" ><div class='avia_textblock'  itemprop=\"text\" ><p style=\"text-align: center;\">Dr Arie Hoogendoorn - Ex veterinario del equipo<\/p>\n<\/div><\/section><\/p><\/div><div class='av-flex-placeholder'><\/div>\n<style type=\"text\/css\" data-created_by=\"avia_inline_auto\" id=\"style-css-av-qlar-49924135c931c60491ecaefefefd4906\">\n.flex_column.av-qlar-49924135c931c60491ecaefefefd4906{\nwidth:58.8%;\nmargin-left:0;\n-webkit-border-radius:5px 5px 5px 5px;\n-moz-border-radius:5px 5px 5px 5px;\nborder-radius:5px 5px 5px 5px;\npadding:30px 30px 30px 30px;\nbackground-color:#252D33;\n}\n#top .flex_column_table.av-equal-height-column-flextable.av-qlar-49924135c931c60491ecaefefefd4906 .av-flex-placeholder{\nwidth:3%;\n}\n<\/style>\n<div  class='flex_column av-qlar-49924135c931c60491ecaefefefd4906 av_three_fifth  avia-builder-el-9  el_after_av_two_fifth  avia-builder-el-last  flex_column_table_cell av-equal-height-column av-align-middle'     ><section  class='av_textblock_section av-ljff1gnf-724f4a6dc3beea830b9de59856299172'   itemscope=\"itemscope\" itemtype=\"https:\/\/schema.org\/CreativeWork\" ><div class='avia_textblock'  itemprop=\"text\" ><h3>ANIMALES<\/h3>\n<p>Los ex\u00e1menes veterinarios se realizan en uno de los consultorios veterinarios que se indican a continuaci\u00f3n. Estas consultas son conocidas como las m\u00e1s importantes de los Pa\u00edses Bajos. El equipo responsable de los ex\u00e1menes veterinarios de los caballos de la subasta est\u00e1 formado por:<\/p>\n<p>Centro veterinario Someren<\/p>\n<ul>\n<li>Dr. E. Enzerink - Actual veterinario del equipo holand\u00e9s (doma cl\u00e1sica) (especialista europeo en cirug\u00eda veterinaria, Diplomado ECVS<\/li>\n<\/ul>\n<p>Centro Veterinario Honselersdijk<\/p>\n<ul>\n<li>Dr J. Mar\u00e9e (Veterinario autorizado)<\/li>\n<\/ul>\n<p>Centro Veterinario De Watermolen<\/p>\n<ul>\n<li>Dr J Greve - Ex veterinario del equipo holand\u00e9s (Doma cl\u00e1sica)<\/li>\n<li>Dr Arie Hoogendoorn - Ex veterinario del equipo holand\u00e9s (salto)<\/li>\n<\/ul>\n<\/div><\/section><\/div><\/div><!--close column table wrapper. Autoclose: 1 --><\/div><\/div><\/main><!-- close content main element --><\/div><\/div><div id='av_section_2'  class='avia-section av-ljff6l9a-ba78c3cbebf2182d634814d8c6696325 alternate_color avia-section-small avia-no-border-styling  avia-builder-el-11  el_after_av_section  el_before_av_section  avia-bg-style-scroll container_wrap fullsize'  ><div class='container av-section-cont-open' ><div class='template-page content  av-content-full alpha units'><div class='post-entry post-entry-type-page post-entry-59'><div class='entry-content-wrapper clearfix'>\n<div class='flex_column_table av-633r-a95c10a060534e673f5772b813ff6cef sc-av_three_fifth av-equal-height-column-flextable'>\n<style type=\"text\/css\" data-created_by=\"avia_inline_auto\" id=\"style-css-av-633r-a95c10a060534e673f5772b813ff6cef\">\n.flex_column.av-633r-a95c10a060534e673f5772b813ff6cef{\nwidth:58.8%;\nmargin-left:0;\n}\n#top .flex_column_table.av-equal-height-column-flextable.av-633r-a95c10a060534e673f5772b813ff6cef .av-flex-placeholder{\nwidth:3%;\n}\n<\/style>\n<div  class='flex_column av-633r-a95c10a060534e673f5772b813ff6cef av_three_fifth  avia-builder-el-12  el_before_av_two_fifth  avia-builder-el-first  first flex_column_table_cell av-equal-height-column av-align-top'     ><section  class='av_textblock_section av-ljff78kf-45fc0e8db8e16c486106c8bb0b666f6c'   itemscope=\"itemscope\" itemtype=\"https:\/\/schema.org\/CreativeWork\" ><div class='avia_textblock'  itemprop=\"text\" ><h3>\u00bfQu\u00e9 se hace exactamente durante la inspecci\u00f3n?<\/h3>\n<p>Las opciones para inspeccionar un caballo son infinitas, al igual que los costes: piense en la secci\u00f3n cl\u00ednica, radiograf\u00edas, ecograf\u00edas, resonancias magn\u00e9ticas, an\u00e1lisis de sangre y un sinf\u00edn de otros. \u00bfHasta d\u00f3nde deben llegar los compradores o los vendedores?<\/p>\n<p>Por lo tanto, Equine Elite toma el consejo de inspecci\u00f3n utilizando las directrices indicadas por la cl\u00ednica.<\/p>\n<p>En primer lugar, todos los caballos son sometidos a un examen cl\u00ednico completo, que incluye (pero no se limita a): - pruebas de flexi\u00f3n, pruebas de ejercicio, ex\u00e1menes del pelaje, el coraz\u00f3n, los pulmones, los ojos y las v\u00edas respiratorias.<\/p>\n<p>En segundo lugar, se toman radiograf\u00edas de los caballos. Se toman radiograf\u00edas obligatorias de las patas delanteras (polea del casco, balas, etc.), las patas traseras (balas, articulaci\u00f3n del salto, rodillas, etc.) y el cuello y la espalda.<\/p>\n<\/div><\/section><\/div><div class='av-flex-placeholder'><\/div>\n<style type=\"text\/css\" data-created_by=\"avia_inline_auto\" id=\"style-css-av-2jk3-92c34554b40f13d2abd81c7655f941fa\">\n.flex_column.av-2jk3-92c34554b40f13d2abd81c7655f941fa{\nwidth:38.2%;\nmargin-left:0;\n}\n#top .flex_column_table.av-equal-height-column-flextable.av-2jk3-92c34554b40f13d2abd81c7655f941fa .av-flex-placeholder{\nwidth:3%;\n}\n<\/style>\n<div  class='flex_column av-2jk3-92c34554b40f13d2abd81c7655f941fa av_two_fifth  avia-builder-el-14  el_after_av_three_fifth  avia-builder-el-last  flex_column_table_cell av-equal-height-column av-align-top'     ><style type=\"text\/css\" data-created_by=\"avia_inline_auto\" id=\"style-css-av-ljtvsps6-e4ff6f54ee88ea1a9f8a227c1836b9a4\">\n.avia-image-container.av-ljtvsps6-e4ff6f54ee88ea1a9f8a227c1836b9a4 img.avia_image{\nbox-shadow:none;\n}\n.avia-image-container.av-ljtvsps6-e4ff6f54ee88ea1a9f8a227c1836b9a4 .av-image-caption-overlay-center{\ncolor:#ffffff;\n}\n<\/style>\n<div  class='avia-image-container av-ljtvsps6-e4ff6f54ee88ea1a9f8a227c1836b9a4 av-styling- avia-align-center  avia-builder-el-15  avia-builder-el-no-sibling'   itemprop=\"image\" itemscope=\"itemscope\" itemtype=\"https:\/\/schema.org\/ImageObject\" ><div class=\"avia-image-container-inner\"><div class=\"avia-image-overlay-wrap\"><img decoding=\"async\" class='wp-image-572 avia-img-lazy-loading-not-572 avia_image' src=\"https:\/\/www.equineelite.nl\/wp-content\/uploads\/2023\/07\/Rontgenbeeld.png\" alt='' title='Imagen de rayos X'  height=\"778\" width=\"1136\"  itemprop=\"thumbnailUrl\" srcset=\"https:\/\/www.equineelite.nl\/wp-content\/uploads\/2023\/07\/Rontgenbeeld.png 1136w, https:\/\/www.equineelite.nl\/wp-content\/uploads\/2023\/07\/Rontgenbeeld-300x205.png 300w, https:\/\/www.equineelite.nl\/wp-content\/uploads\/2023\/07\/Rontgenbeeld-1030x705.png 1030w, https:\/\/www.equineelite.nl\/wp-content\/uploads\/2023\/07\/Rontgenbeeld-768x526.png 768w, https:\/\/www.equineelite.nl\/wp-content\/uploads\/2023\/07\/Rontgenbeeld-18x12.png 18w, https:\/\/www.equineelite.nl\/wp-content\/uploads\/2023\/07\/Rontgenbeeld-705x483.png 705w\" sizes=\"(max-width: 1136px) 100vw, 1136px\" \/><\/div><\/div><\/div><\/div><\/div><!--close column table wrapper. Autoclose: 1 --><\/div><\/div><\/div><!-- close content main div --><\/div><\/div><div id='av_section_3'  class='avia-section av-ljff9qwi-700b82a406f8d3e1e28e2f830d38e5de main_color avia-section-no-padding avia-no-border-styling  avia-builder-el-16  el_after_av_section  avia-builder-el-last  avia-bg-style-scroll container_wrap fullsize'  ><div class='container av-section-cont-open' ><div class='template-page content  av-content-full alpha units'><div class='post-entry post-entry-type-page post-entry-59'><div class='entry-content-wrapper clearfix'>\n<div  class='flex_column av-v53z-15719531cefb91e93ecf3ba10a076576 av_two_fifth  avia-builder-el-17  el_before_av_three_fifth  avia-builder-el-first  first flex_column_div'     ><p>\n<style type=\"text\/css\" data-created_by=\"avia_inline_auto\" id=\"style-css-av-ljtwubtp-e528d60d364aec39ce1d6bb0f91858cd\">\n.avia-image-container.av-ljtwubtp-e528d60d364aec39ce1d6bb0f91858cd img.avia_image{\nbox-shadow:none;\n}\n.avia-image-container.av-ljtwubtp-e528d60d364aec39ce1d6bb0f91858cd .av-image-caption-overlay-center{\ncolor:#ffffff;\n}\n<\/style>\n<div  class='avia-image-container av-ljtwubtp-e528d60d364aec39ce1d6bb0f91858cd av-styling- avia-align-center  avia-builder-el-18  el_before_av_textblock  avia-builder-el-first'   itemprop=\"image\" itemscope=\"itemscope\" itemtype=\"https:\/\/schema.org\/ImageObject\" ><div class=\"avia-image-container-inner\"><div class=\"avia-image-overlay-wrap\"><img decoding=\"async\" class='wp-image-591 avia-img-lazy-loading-not-591 avia_image' src=\"https:\/\/www.equineelite.nl\/wp-content\/uploads\/2023\/07\/J-Maree.png\" alt='' title='J Maree'  height=\"778\" width=\"1136\"  itemprop=\"thumbnailUrl\" srcset=\"https:\/\/www.equineelite.nl\/wp-content\/uploads\/2023\/07\/J-Maree.png 1136w, https:\/\/www.equineelite.nl\/wp-content\/uploads\/2023\/07\/J-Maree-300x205.png 300w, https:\/\/www.equineelite.nl\/wp-content\/uploads\/2023\/07\/J-Maree-1030x705.png 1030w, https:\/\/www.equineelite.nl\/wp-content\/uploads\/2023\/07\/J-Maree-768x526.png 768w, https:\/\/www.equineelite.nl\/wp-content\/uploads\/2023\/07\/J-Maree-18x12.png 18w, https:\/\/www.equineelite.nl\/wp-content\/uploads\/2023\/07\/J-Maree-705x483.png 705w\" sizes=\"(max-width: 1136px) 100vw, 1136px\" \/><\/div><\/div><\/div><br \/>\n<section  class='av_textblock_section av-ljtwwyxx-65a6ff03f84d00e81a3afdcbbac00d91'   itemscope=\"itemscope\" itemtype=\"https:\/\/schema.org\/CreativeWork\" ><div class='avia_textblock'  itemprop=\"text\" ><p style=\"text-align: center;\">Dr Jacques Mar\u00e9e (Veterinario autorizado)<\/p>\n<\/div><\/section><\/p><\/div>\n<style type=\"text\/css\" data-created_by=\"avia_inline_auto\" id=\"style-css-av-ljffb47x-8b814e2ce71998aec98a18254f1c9624\">\n.flex_column.av-ljffb47x-8b814e2ce71998aec98a18254f1c9624{\n-webkit-border-radius:5px 5px 5px 5px;\n-moz-border-radius:5px 5px 5px 5px;\nborder-radius:5px 5px 5px 5px;\npadding:30px 30px 30px 30px;\nbackground-color:#96794b;\n}\n<\/style>\n<div  class='flex_column av-ljffb47x-8b814e2ce71998aec98a18254f1c9624 av_three_fifth  avia-builder-el-20  el_after_av_two_fifth  avia-builder-el-last  flex_column_div'     ><section  class='av_textblock_section av-ljffaj1c-a48bb844471b345dc36ab663b1699d07'   itemscope=\"itemscope\" itemtype=\"https:\/\/schema.org\/CreativeWork\" ><div class='avia_textblock alternatief-kleur'  itemprop=\"text\" ><h3>Datos y detalles<\/h3>\n<p>Los expedientes relativos al historial conocido por Washington Events, detalles, tratamientos, comportamiento (estable), etc. se conservan con la mayor exactitud posible y, si es necesario, se actualizan hasta el d\u00eda de la subasta inclusive. Todo el mundo tiene la oportunidad de ver estos archivos previa solicitud en la secretar\u00eda de la subasta, as\u00ed como los pasaportes y los papeles del libro geneal\u00f3gico. Previa solicitud, tambi\u00e9n es posible recibir expedientes, informes de inspecci\u00f3n y radiograf\u00edas por correo electr\u00f3nico.<\/p>\n<\/div><\/section><\/div>","protected":false},"excerpt":{"rendered":"","protected":false},"author":1,"featured_media":0,"parent":51,"menu_order":0,"comment_status":"closed","ping_status":"closed","template":"","meta":{"footnotes":""},"class_list":["post-59","page","type-page","status-publish","hentry"],"_links":{"self":[{"href":"https:\/\/www.equineelite.nl\/es\/wp-json\/wp\/v2\/pages\/59","targetHints":{"allow":["GET"]}}],"collection":[{"href":"https:\/\/www.equineelite.nl\/es\/wp-json\/wp\/v2\/pages"}],"about":[{"href":"https:\/\/www.equineelite.nl\/es\/wp-json\/wp\/v2\/types\/page"}],"author":[{"embeddable":true,"href":"https:\/\/www.equineelite.nl\/es\/wp-json\/wp\/v2\/users\/1"}],"replies":[{"embeddable":true,"href":"https:\/\/www.equineelite.nl\/es\/wp-json\/wp\/v2\/comments?post=59"}],"version-history":[{"count":38,"href":"https:\/\/www.equineelite.nl\/es\/wp-json\/wp\/v2\/pages\/59\/revisions"}],"predecessor-version":[{"id":2117,"href":"https:\/\/www.equineelite.nl\/es\/wp-json\/wp\/v2\/pages\/59\/revisions\/2117"}],"up":[{"embeddable":true,"href":"https:\/\/www.equineelite.nl\/es\/wp-json\/wp\/v2\/pages\/51"}],"wp:attachment":[{"href":"https:\/\/www.equineelite.nl\/es\/wp-json\/wp\/v2\/media?parent=59"}],"curies":[{"name":"wp","href":"https:\/\/api.w.org\/{rel}","templated":true}]}}