{"id":61,"date":"2023-06-26T12:15:51","date_gmt":"2023-06-26T12:15:51","guid":{"rendered":"https:\/\/equineelite.nl\/nieuw\/?page_id=61"},"modified":"2024-11-15T10:33:51","modified_gmt":"2024-11-15T10:33:51","slug":"bieden","status":"publish","type":"page","link":"https:\/\/www.equineelite.nl\/es\/informatie\/bieden\/","title":{"rendered":"Oferta"},"content":{"rendered":"<style type=\"text\/css\" data-created_by=\"avia_inline_auto\" id=\"style-css-av-8mmx1-74329db9ff670eb087678b461b8daaf2\">\n.avia-section.av-8mmx1-74329db9ff670eb087678b461b8daaf2{\nbackground-color:#10100f;\nbackground-image:url(https:\/\/www.equineelite.nl\/wp-content\/uploads\/2023\/06\/Banner-content-min.png);\nbackground-repeat:no-repeat;\nbackground-position:50% 0%;\nbackground-attachment:scroll;\n}\n<\/style>\n<div id='av_section_1'  class='avia-section av-8mmx1-74329db9ff670eb087678b461b8daaf2 main_color avia-section-default avia-no-border-styling  avia-builder-el-0  avia-builder-el-no-sibling  avia-full-contain avia-bg-style-scroll container_wrap fullsize'  data-section-bg-repeat='contain'><div class='container av-section-cont-open' ><main  role=\"main\" itemprop=\"mainContentOfPage\"  class='template-page content  av-content-full alpha units'><div class='post-entry post-entry-type-page post-entry-61'><div class='entry-content-wrapper clearfix'>\n<div class='flex_column_table av-830wd-51c560e544ae556537ebb1e4e12ba83f sc-av_three_fifth av-equal-height-column-flextable'>\n<style type=\"text\/css\" data-created_by=\"avia_inline_auto\" id=\"style-css-av-830wd-51c560e544ae556537ebb1e4e12ba83f\">\n.flex_column.av-830wd-51c560e544ae556537ebb1e4e12ba83f{\nwidth:58.8%;\nmargin-left:0;\n-webkit-border-radius:5px 5px 5px 5px;\n-moz-border-radius:5px 5px 5px 5px;\nborder-radius:5px 5px 5px 5px;\npadding:30px 30px 30px 30px;\nbackground-color:#252D33;\n}\n#top .flex_column_table.av-equal-height-column-flextable.av-830wd-51c560e544ae556537ebb1e4e12ba83f .av-flex-placeholder{\nwidth:3%;\n}\n<\/style>\n<div  class='flex_column av-830wd-51c560e544ae556537ebb1e4e12ba83f av_three_fifth  avia-builder-el-1  el_before_av_two_fifth  avia-builder-el-first  first flex_column_table_cell av-equal-height-column av-align-middle'     ><section  class='av_textblock_section av-ljffm9z2-e37180f9c8cc2b8f9c6d116500a5948b'   itemscope=\"itemscope\" itemtype=\"https:\/\/schema.org\/CreativeWork\" ><div class='avia_textblock'  itemprop=\"text\" ><h2>Condiciones de puja y subasta<\/h2>\n<p>Pujar durante la subasta es muy sencillo. Si desea pujar, s\u00f3lo tiene que levantar la mano para indicar que desea hacerlo. Uno de nuestros empleados se\u00f1alar\u00e1 su puja y se la pasar\u00e1 al subastador. Por favor, no salude a sus amigos durante la subasta a menos que quiera comprar un caballo.<\/p>\n<p>Todas las pujas incluyen el IVA (si se aplica). A la puja ganadora (IVA incluido) se le sumar\u00e1n los gastos de subasta de 8% (IVA no incluido). Ver la <a href=\"https:\/\/www.equineelite.nl\/es\/voorwaarden\/\">Condiciones de la subasta<\/a><\/p>\n<\/div><\/section><\/div><div class='av-flex-placeholder'><\/div>\n<style type=\"text\/css\" data-created_by=\"avia_inline_auto\" id=\"style-css-av-2n3x-79cf6fe492511d7382dee5e40eaf85c7\">\n.flex_column.av-2n3x-79cf6fe492511d7382dee5e40eaf85c7{\nwidth:38.2%;\nmargin-left:0;\n}\n#top .flex_column_table.av-equal-height-column-flextable.av-2n3x-79cf6fe492511d7382dee5e40eaf85c7 .av-flex-placeholder{\nwidth:3%;\n}\n<\/style>\n<div  class='flex_column av-2n3x-79cf6fe492511d7382dee5e40eaf85c7 av_two_fifth  avia-builder-el-3  el_after_av_three_fifth  el_before_av_two_fifth  flex_column_table_cell av-equal-height-column av-align-middle'     ><style type=\"text\/css\" data-created_by=\"avia_inline_auto\" id=\"style-css-av-6ri69-b51f4644da0a56407451fee84e84e94f\">\n.avia-image-container.av-6ri69-b51f4644da0a56407451fee84e84e94f img.avia_image{\nbox-shadow:none;\n}\n.avia-image-container.av-6ri69-b51f4644da0a56407451fee84e84e94f .av-image-caption-overlay-center{\ncolor:#ffffff;\n}\n<\/style>\n<div  class='avia-image-container av-6ri69-b51f4644da0a56407451fee84e84e94f av-styling-no-styling avia-align-center  avia-builder-el-4  avia-builder-el-no-sibling'   itemprop=\"image\" itemscope=\"itemscope\" itemtype=\"https:\/\/schema.org\/ImageObject\" ><div class=\"avia-image-container-inner\"><div class=\"avia-image-overlay-wrap\"><img decoding=\"async\" class='wp-image-230 avia-img-lazy-loading-not-230 avia_image' src=\"https:\/\/www.equineelite.nl\/wp-content\/uploads\/2023\/06\/Bieden-1.1.png\" alt='' title='Oferta 1.1'  height=\"778\" width=\"1136\"  itemprop=\"thumbnailUrl\" srcset=\"https:\/\/www.equineelite.nl\/wp-content\/uploads\/2023\/06\/Bieden-1.1.png 1136w, https:\/\/www.equineelite.nl\/wp-content\/uploads\/2023\/06\/Bieden-1.1-300x205.png 300w, https:\/\/www.equineelite.nl\/wp-content\/uploads\/2023\/06\/Bieden-1.1-1030x705.png 1030w, https:\/\/www.equineelite.nl\/wp-content\/uploads\/2023\/06\/Bieden-1.1-768x526.png 768w, https:\/\/www.equineelite.nl\/wp-content\/uploads\/2023\/06\/Bieden-1.1-705x483.png 705w\" sizes=\"(max-width: 1136px) 100vw, 1136px\" \/><\/div><\/div><\/div><\/div><\/div><!--close column table wrapper. Autoclose: 1 --><div class='flex_column_table av-5g9pl-e1287ed77986717ccf0b6c8e2f7b9d1e sc-av_two_fifth av-equal-height-column-flextable'>\n<style type=\"text\/css\" data-created_by=\"avia_inline_auto\" id=\"style-css-av-5g9pl-e1287ed77986717ccf0b6c8e2f7b9d1e\">\n.flex_column.av-5g9pl-e1287ed77986717ccf0b6c8e2f7b9d1e{\nwidth:38.2%;\nmargin-left:0;\n}\n#top .flex_column_table.av-equal-height-column-flextable.av-5g9pl-e1287ed77986717ccf0b6c8e2f7b9d1e .av-flex-placeholder{\nwidth:3%;\n}\n<\/style>\n<div  class='flex_column av-5g9pl-e1287ed77986717ccf0b6c8e2f7b9d1e av_two_fifth  avia-builder-el-5  el_after_av_two_fifth  el_before_av_three_fifth  first flex_column_table_cell av-equal-height-column av-align-middle'     ><style type=\"text\/css\" data-created_by=\"avia_inline_auto\" id=\"style-css-av-51hgh-26e3df840f81675007b42fb2574d4b0a\">\n.avia-image-container.av-51hgh-26e3df840f81675007b42fb2574d4b0a img.avia_image{\nbox-shadow:none;\n}\n.avia-image-container.av-51hgh-26e3df840f81675007b42fb2574d4b0a .av-image-caption-overlay-center{\ncolor:#ffffff;\n}\n<\/style>\n<div  class='avia-image-container av-51hgh-26e3df840f81675007b42fb2574d4b0a av-styling-no-styling avia-align-center  avia-builder-el-6  avia-builder-el-no-sibling'   itemprop=\"image\" itemscope=\"itemscope\" itemtype=\"https:\/\/schema.org\/ImageObject\" ><div class=\"avia-image-container-inner\"><div class=\"avia-image-overlay-wrap\"><img decoding=\"async\" class='wp-image-229 avia-img-lazy-loading-not-229 avia_image' src=\"https:\/\/www.equineelite.nl\/wp-content\/uploads\/2023\/06\/bieden-1.2.png\" alt='' title='oferta 1.2'  height=\"778\" width=\"1136\"  itemprop=\"thumbnailUrl\" srcset=\"https:\/\/www.equineelite.nl\/wp-content\/uploads\/2023\/06\/bieden-1.2.png 1136w, https:\/\/www.equineelite.nl\/wp-content\/uploads\/2023\/06\/bieden-1.2-300x205.png 300w, https:\/\/www.equineelite.nl\/wp-content\/uploads\/2023\/06\/bieden-1.2-1030x705.png 1030w, https:\/\/www.equineelite.nl\/wp-content\/uploads\/2023\/06\/bieden-1.2-768x526.png 768w, https:\/\/www.equineelite.nl\/wp-content\/uploads\/2023\/06\/bieden-1.2-705x483.png 705w\" sizes=\"(max-width: 1136px) 100vw, 1136px\" \/><\/div><\/div><\/div><\/div><div class='av-flex-placeholder'><\/div>\n<style type=\"text\/css\" data-created_by=\"avia_inline_auto\" id=\"style-css-av-41kh9-220b50674be55f8bc363aef43309836c\">\n.flex_column.av-41kh9-220b50674be55f8bc363aef43309836c{\nwidth:58.8%;\nmargin-left:0;\n-webkit-border-radius:5px 5px 5px 5px;\n-moz-border-radius:5px 5px 5px 5px;\nborder-radius:5px 5px 5px 5px;\npadding:30px 30px 30px 30px;\nbackground-color:#252D33;\n}\n#top .flex_column_table.av-equal-height-column-flextable.av-41kh9-220b50674be55f8bc363aef43309836c .av-flex-placeholder{\nwidth:3%;\n}\n<\/style>\n<div  class='flex_column av-41kh9-220b50674be55f8bc363aef43309836c av_three_fifth  avia-builder-el-7  el_after_av_two_fifth  avia-builder-el-last  flex_column_table_cell av-equal-height-column av-align-middle'     ><section  class='av_textblock_section av-32wep-5e85991e33d573617e0ba5e439eaf25b'   itemscope=\"itemscope\" itemtype=\"https:\/\/schema.org\/CreativeWork\" ><div class='avia_textblock'  itemprop=\"text\" ><h2>Licitaci\u00f3n telef\u00f3nica<\/h2>\n<p>Es posible pujar por tel\u00e9fono durante la subasta, siempre que se cumplan previamente una serie de condiciones. Para m\u00e1s informaci\u00f3n sobre las pujas telef\u00f3nicas <a href=\"https:\/\/www.equineelite.nl\/es\/contact\/\">p\u00f3ngase en contacto con<\/a> contactar con la organizaci\u00f3n<\/p>\n<\/div><\/section><\/div><\/div><!--close column table wrapper. Autoclose: 1 -->","protected":false},"excerpt":{"rendered":"","protected":false},"author":1,"featured_media":0,"parent":51,"menu_order":0,"comment_status":"closed","ping_status":"closed","template":"","meta":{"footnotes":""},"class_list":["post-61","page","type-page","status-publish","hentry"],"_links":{"self":[{"href":"https:\/\/www.equineelite.nl\/es\/wp-json\/wp\/v2\/pages\/61","targetHints":{"allow":["GET"]}}],"collection":[{"href":"https:\/\/www.equineelite.nl\/es\/wp-json\/wp\/v2\/pages"}],"about":[{"href":"https:\/\/www.equineelite.nl\/es\/wp-json\/wp\/v2\/types\/page"}],"author":[{"embeddable":true,"href":"https:\/\/www.equineelite.nl\/es\/wp-json\/wp\/v2\/users\/1"}],"replies":[{"embeddable":true,"href":"https:\/\/www.equineelite.nl\/es\/wp-json\/wp\/v2\/comments?post=61"}],"version-history":[{"count":17,"href":"https:\/\/www.equineelite.nl\/es\/wp-json\/wp\/v2\/pages\/61\/revisions"}],"predecessor-version":[{"id":3095,"href":"https:\/\/www.equineelite.nl\/es\/wp-json\/wp\/v2\/pages\/61\/revisions\/3095"}],"up":[{"embeddable":true,"href":"https:\/\/www.equineelite.nl\/es\/wp-json\/wp\/v2\/pages\/51"}],"wp:attachment":[{"href":"https:\/\/www.equineelite.nl\/es\/wp-json\/wp\/v2\/media?parent=61"}],"curies":[{"name":"wp","href":"https:\/\/api.w.org\/{rel}","templated":true}]}}