{"id":63,"date":"2023-06-26T12:15:59","date_gmt":"2023-06-26T12:15:59","guid":{"rendered":"https:\/\/equineelite.nl\/nieuw\/?page_id=63"},"modified":"2023-09-26T09:16:56","modified_gmt":"2023-09-26T09:16:56","slug":"hotels","status":"publish","type":"page","link":"https:\/\/www.equineelite.nl\/es\/informatie\/hotels\/","title":{"rendered":"Hoteles"},"content":{"rendered":"<style type=\"text\/css\" data-created_by=\"avia_inline_auto\" id=\"style-css-av-hdp7b-9583442c170efaf89ec61e080d800a6c\">\n.avia-section.av-hdp7b-9583442c170efaf89ec61e080d800a6c{\nbackground-color:#10100f;\nbackground-image:url(https:\/\/www.equineelite.nl\/wp-content\/uploads\/2023\/06\/Banner-content-min.png);\nbackground-repeat:no-repeat;\nbackground-position:50% 0%;\nbackground-attachment:scroll;\n}\n<\/style>\n<div id='av_section_1'  class='avia-section av-hdp7b-9583442c170efaf89ec61e080d800a6c main_color avia-section-default avia-no-border-styling  avia-builder-el-0  avia-builder-el-no-sibling  avia-full-contain avia-bg-style-scroll container_wrap fullsize'  data-section-bg-repeat='contain'><div class='container av-section-cont-open' ><main  role=\"main\" itemprop=\"mainContentOfPage\"  class='template-page content  av-content-full alpha units'><div class='post-entry post-entry-type-page post-entry-63'><div class='entry-content-wrapper clearfix'>\n<div class='flex_column_table av-gtf9j-074abeb17a570e1104166ebd960a913d sc-av_three_fifth av-equal-height-column-flextable'>\n<style type=\"text\/css\" data-created_by=\"avia_inline_auto\" id=\"style-css-av-gtf9j-074abeb17a570e1104166ebd960a913d\">\n.flex_column.av-gtf9j-074abeb17a570e1104166ebd960a913d{\nwidth:58.8%;\nmargin-left:0;\n-webkit-border-radius:5px 5px 5px 5px;\n-moz-border-radius:5px 5px 5px 5px;\nborder-radius:5px 5px 5px 5px;\npadding:30px 30px 30px 30px;\nbackground-color:#252D33;\n}\n#top .flex_column_table.av-equal-height-column-flextable.av-gtf9j-074abeb17a570e1104166ebd960a913d .av-flex-placeholder{\nwidth:3%;\n}\n<\/style>\n<div  class='flex_column av-gtf9j-074abeb17a570e1104166ebd960a913d av_three_fifth  avia-builder-el-1  el_before_av_two_fifth  avia-builder-el-first  first flex_column_table_cell av-equal-height-column av-align-middle'     ><section  class='av_textblock_section av-ljffnt1s-02a2316382b2c616aa81a6dc25b32c13'   itemscope=\"itemscope\" itemtype=\"https:\/\/schema.org\/CreativeWork\" ><div class='avia_textblock'  itemprop=\"text\" ><h2>Hoteles<\/h2>\n<p>Si desea reservar en alguno de los hoteles que figuran a continuaci\u00f3n, p\u00f3ngase en contacto directamente con el hotel o con Jenneke Spanjers:<\/p>\n<p>Tel +31 6 23 78 79 88<br \/>\nCorreo electr\u00f3nico: info@equineelite.nl<\/p>\n<p>Este a\u00f1o, Equine Elite le ofrece la opci\u00f3n de un peluquero privado en su hotel. Para m\u00e1s informaci\u00f3n y\/o concertar una cita, p\u00f3ngase en contacto con Anne Roozen: <a href=\"mailto:anneroozen91@gmail.com\">anneroozen91@gmail.com<\/a><\/p>\n<\/div><\/section><\/div><div class='av-flex-placeholder'><\/div>\n<style type=\"text\/css\" data-created_by=\"avia_inline_auto\" id=\"style-css-av-gc4t7-2376d62118349c34a58d00378dc8a4f3\">\n.flex_column.av-gc4t7-2376d62118349c34a58d00378dc8a4f3{\nwidth:38.2%;\nmargin-left:0;\n}\n#top .flex_column_table.av-equal-height-column-flextable.av-gc4t7-2376d62118349c34a58d00378dc8a4f3 .av-flex-placeholder{\nwidth:3%;\n}\n<\/style>\n<div  class='flex_column av-gc4t7-2376d62118349c34a58d00378dc8a4f3 av_two_fifth  avia-builder-el-3  el_after_av_three_fifth  el_before_av_two_fifth  flex_column_table_cell av-equal-height-column av-align-middle'     ><style type=\"text\/css\" data-created_by=\"avia_inline_auto\" id=\"style-css-av-fmqrn-85c60259f150c0378e76bca8873d4070\">\n.avia-image-container.av-fmqrn-85c60259f150c0378e76bca8873d4070 img.avia_image{\nbox-shadow:none;\n}\n.avia-image-container.av-fmqrn-85c60259f150c0378e76bca8873d4070 .av-image-caption-overlay-center{\ncolor:#ffffff;\n}\n<\/style>\n<div  class='avia-image-container av-fmqrn-85c60259f150c0378e76bca8873d4070 av-styling-no-styling avia-align-center  avia-builder-el-4  avia-builder-el-no-sibling'   itemprop=\"image\" itemscope=\"itemscope\" itemtype=\"https:\/\/schema.org\/ImageObject\" ><div class=\"avia-image-container-inner\"><div class=\"avia-image-overlay-wrap\"><img decoding=\"async\" class='wp-image-237 avia-img-lazy-loading-not-237 avia_image' src=\"https:\/\/www.equineelite.nl\/wp-content\/uploads\/2023\/06\/hotels-1.1.png\" alt='' title='hoteles 1.1'  height=\"778\" width=\"1136\"  itemprop=\"thumbnailUrl\" srcset=\"https:\/\/www.equineelite.nl\/wp-content\/uploads\/2023\/06\/hotels-1.1.png 1136w, https:\/\/www.equineelite.nl\/wp-content\/uploads\/2023\/06\/hotels-1.1-300x205.png 300w, https:\/\/www.equineelite.nl\/wp-content\/uploads\/2023\/06\/hotels-1.1-1030x705.png 1030w, https:\/\/www.equineelite.nl\/wp-content\/uploads\/2023\/06\/hotels-1.1-768x526.png 768w, https:\/\/www.equineelite.nl\/wp-content\/uploads\/2023\/06\/hotels-1.1-705x483.png 705w\" sizes=\"(max-width: 1136px) 100vw, 1136px\" \/><\/div><\/div><\/div><\/div><\/div><!--close column table wrapper. Autoclose: 1 --><div class='flex_column_table av-ef9n7-cbd84c3985f920b8df7153c3ca0c8dbe sc-av_two_fifth av-equal-height-column-flextable'>\n<style type=\"text\/css\" data-created_by=\"avia_inline_auto\" id=\"style-css-av-ef9n7-cbd84c3985f920b8df7153c3ca0c8dbe\">\n.flex_column.av-ef9n7-cbd84c3985f920b8df7153c3ca0c8dbe{\nwidth:38.2%;\nmargin-left:0;\n}\n#top .flex_column_table.av-equal-height-column-flextable.av-ef9n7-cbd84c3985f920b8df7153c3ca0c8dbe .av-flex-placeholder{\nwidth:3%;\n}\n<\/style>\n<div  class='flex_column av-ef9n7-cbd84c3985f920b8df7153c3ca0c8dbe av_two_fifth  avia-builder-el-5  el_after_av_two_fifth  el_before_av_three_fifth  first flex_column_table_cell av-equal-height-column av-align-middle'     ><style type=\"text\/css\" data-created_by=\"avia_inline_auto\" id=\"style-css-av-dxzyn-8528ae0c611ff09f14e16e2d11a5fad9\">\n.avia-image-container.av-dxzyn-8528ae0c611ff09f14e16e2d11a5fad9 img.avia_image{\nbox-shadow:none;\n}\n.avia-image-container.av-dxzyn-8528ae0c611ff09f14e16e2d11a5fad9 .av-image-caption-overlay-center{\ncolor:#ffffff;\n}\n<\/style>\n<div  class='avia-image-container av-dxzyn-8528ae0c611ff09f14e16e2d11a5fad9 av-styling-no-styling avia-align-center  avia-builder-el-6  avia-builder-el-no-sibling'   itemprop=\"image\" itemscope=\"itemscope\" itemtype=\"https:\/\/schema.org\/ImageObject\" ><div class=\"avia-image-container-inner\"><div class=\"avia-image-overlay-wrap\"><img decoding=\"async\" class='wp-image-236 avia-img-lazy-loading-not-236 avia_image' src=\"https:\/\/www.equineelite.nl\/wp-content\/uploads\/2023\/06\/Hotel-1.2.png\" alt='' title='Hotel 1.2'  height=\"778\" width=\"1136\"  itemprop=\"thumbnailUrl\" srcset=\"https:\/\/www.equineelite.nl\/wp-content\/uploads\/2023\/06\/Hotel-1.2.png 1136w, https:\/\/www.equineelite.nl\/wp-content\/uploads\/2023\/06\/Hotel-1.2-300x205.png 300w, https:\/\/www.equineelite.nl\/wp-content\/uploads\/2023\/06\/Hotel-1.2-1030x705.png 1030w, https:\/\/www.equineelite.nl\/wp-content\/uploads\/2023\/06\/Hotel-1.2-768x526.png 768w, https:\/\/www.equineelite.nl\/wp-content\/uploads\/2023\/06\/Hotel-1.2-705x483.png 705w\" sizes=\"(max-width: 1136px) 100vw, 1136px\" \/><\/div><\/div><\/div><\/div><div class='av-flex-placeholder'><\/div>\n<style type=\"text\/css\" data-created_by=\"avia_inline_auto\" id=\"style-css-av-d1y0z-378f7bca02ade7049a1683994d7f222b\">\n.flex_column.av-d1y0z-378f7bca02ade7049a1683994d7f222b{\nwidth:58.8%;\nmargin-left:0;\n-webkit-border-radius:5px 5px 5px 5px;\n-moz-border-radius:5px 5px 5px 5px;\nborder-radius:5px 5px 5px 5px;\npadding:30px 30px 30px 30px;\nbackground-color:#252D33;\n}\n#top .flex_column_table.av-equal-height-column-flextable.av-d1y0z-378f7bca02ade7049a1683994d7f222b .av-flex-placeholder{\nwidth:3%;\n}\n<\/style>\n<div  class='flex_column av-d1y0z-378f7bca02ade7049a1683994d7f222b av_three_fifth  avia-builder-el-7  el_after_av_two_fifth  el_before_av_three_fifth  flex_column_table_cell av-equal-height-column av-align-middle'     ><section  class='av_textblock_section av-ljffoecv-17b4d0c87c5b714223de233c140b1601'   itemscope=\"itemscope\" itemtype=\"https:\/\/schema.org\/CreativeWork\" ><div class='avia_textblock'  itemprop=\"text\" ><h3>Hotel Jagershorst<\/h3>\n<p>Tel\u00e9fono: (+31) 88 11 888 20<br \/>\nFax: (+31) 40 20 62 755<\/p>\n<p><a href=\"mailto:info@goldentulipjagershorst.nl\">info@hoteljagershorst.nl<\/a><br \/>\n<a href=\"https:\/\/www.goldentulipjagershorst.nl\/\">www.hoteljagershorst.nl<\/a><\/p>\n<\/div><\/section><\/div><\/div><!--close column table wrapper. Autoclose: 1 --><div class='flex_column_table av-22w1b-29d62aa3a9d378741f6869aef61b1384 sc-av_three_fifth av-equal-height-column-flextable'>\n<style type=\"text\/css\" data-created_by=\"avia_inline_auto\" id=\"style-css-av-22w1b-29d62aa3a9d378741f6869aef61b1384\">\n.flex_column.av-22w1b-29d62aa3a9d378741f6869aef61b1384{\nwidth:58.8%;\nmargin-left:0;\n-webkit-border-radius:5px 5px 5px 5px;\n-moz-border-radius:5px 5px 5px 5px;\nborder-radius:5px 5px 5px 5px;\npadding:30px 30px 30px 30px;\nbackground-color:#252D33;\n}\n#top .flex_column_table.av-equal-height-column-flextable.av-22w1b-29d62aa3a9d378741f6869aef61b1384 .av-flex-placeholder{\nwidth:3%;\n}\n<\/style>\n<div  class='flex_column av-22w1b-29d62aa3a9d378741f6869aef61b1384 av_three_fifth  avia-builder-el-9  el_after_av_three_fifth  el_before_av_two_fifth  first flex_column_table_cell av-equal-height-column av-align-middle'     ><section  class='av_textblock_section av-1hrmb-6667e8e1743f300c17fb9ae55e23fc20'   itemscope=\"itemscope\" itemtype=\"https:\/\/schema.org\/CreativeWork\" ><div class='avia_textblock'  itemprop=\"text\" ><h3>Hotel Crossmoor<\/h3>\n<p>Tel: (+31) 495-518438<\/p>\n<p><a href=\"mailto:info@crossmoor.nl\">info@crossmoor.nl<\/a><br \/>\n<a href=\"https:\/\/www.crossmoor.nl\/\">www.crossmoor.nl<\/a><\/p>\n<\/div><\/section><\/div><div class='av-flex-placeholder'><\/div>\n<style type=\"text\/css\" data-created_by=\"avia_inline_auto\" id=\"style-css-av-awd4j-71c8c9191ac6c043227014189cbcfcc1\">\n.flex_column.av-awd4j-71c8c9191ac6c043227014189cbcfcc1{\nwidth:38.2%;\nmargin-left:0;\n}\n#top .flex_column_table.av-equal-height-column-flextable.av-awd4j-71c8c9191ac6c043227014189cbcfcc1 .av-flex-placeholder{\nwidth:3%;\n}\n<\/style>\n<div  class='flex_column av-awd4j-71c8c9191ac6c043227014189cbcfcc1 av_two_fifth  avia-builder-el-11  el_after_av_three_fifth  el_before_av_two_fifth  flex_column_table_cell av-equal-height-column av-align-middle'     ><style type=\"text\/css\" data-created_by=\"avia_inline_auto\" id=\"style-css-av-ai7sf-ee169b0594d02b4c74be079ced80eb54\">\n.avia-image-container.av-ai7sf-ee169b0594d02b4c74be079ced80eb54 img.avia_image{\nbox-shadow:none;\n}\n.avia-image-container.av-ai7sf-ee169b0594d02b4c74be079ced80eb54 .av-image-caption-overlay-center{\ncolor:#ffffff;\n}\n<\/style>\n<div  class='avia-image-container av-ai7sf-ee169b0594d02b4c74be079ced80eb54 av-styling-no-styling avia-align-center  avia-builder-el-12  avia-builder-el-no-sibling'   itemprop=\"image\" itemscope=\"itemscope\" itemtype=\"https:\/\/schema.org\/ImageObject\" ><div class=\"avia-image-container-inner\"><div class=\"avia-image-overlay-wrap\"><img decoding=\"async\" class='wp-image-235 avia-img-lazy-loading-not-235 avia_image' src=\"https:\/\/www.equineelite.nl\/wp-content\/uploads\/2023\/06\/Hotel-1.3.png\" alt='' title='Hotel 1.3'  height=\"778\" width=\"1136\"  itemprop=\"thumbnailUrl\" srcset=\"https:\/\/www.equineelite.nl\/wp-content\/uploads\/2023\/06\/Hotel-1.3.png 1136w, https:\/\/www.equineelite.nl\/wp-content\/uploads\/2023\/06\/Hotel-1.3-300x205.png 300w, https:\/\/www.equineelite.nl\/wp-content\/uploads\/2023\/06\/Hotel-1.3-1030x705.png 1030w, https:\/\/www.equineelite.nl\/wp-content\/uploads\/2023\/06\/Hotel-1.3-768x526.png 768w, https:\/\/www.equineelite.nl\/wp-content\/uploads\/2023\/06\/Hotel-1.3-705x483.png 705w\" sizes=\"(max-width: 1136px) 100vw, 1136px\" \/><\/div><\/div><\/div><\/div><\/div><!--close column table wrapper. Autoclose: 1 --><div class='flex_column_table av-942dz-3cd4f80284e73114ffeb64e674a69161 sc-av_two_fifth av-equal-height-column-flextable'>\n<style type=\"text\/css\" data-created_by=\"avia_inline_auto\" id=\"style-css-av-942dz-3cd4f80284e73114ffeb64e674a69161\">\n.flex_column.av-942dz-3cd4f80284e73114ffeb64e674a69161{\nwidth:38.2%;\nmargin-left:0;\n}\n#top .flex_column_table.av-equal-height-column-flextable.av-942dz-3cd4f80284e73114ffeb64e674a69161 .av-flex-placeholder{\nwidth:3%;\n}\n<\/style>\n<div  class='flex_column av-942dz-3cd4f80284e73114ffeb64e674a69161 av_two_fifth  avia-builder-el-13  el_after_av_two_fifth  el_before_av_three_fifth  first flex_column_table_cell av-equal-height-column av-align-middle'     ><style type=\"text\/css\" data-created_by=\"avia_inline_auto\" id=\"style-css-av-ur83-810b2f5c0dd80eeb64ba0882e07f4cee\">\n.avia-image-container.av-ur83-810b2f5c0dd80eeb64ba0882e07f4cee img.avia_image{\nbox-shadow:none;\n}\n.avia-image-container.av-ur83-810b2f5c0dd80eeb64ba0882e07f4cee .av-image-caption-overlay-center{\ncolor:#ffffff;\n}\n<\/style>\n<div  class='avia-image-container av-ur83-810b2f5c0dd80eeb64ba0882e07f4cee av-styling-no-styling avia-align-center  avia-builder-el-14  avia-builder-el-no-sibling'   itemprop=\"image\" itemscope=\"itemscope\" itemtype=\"https:\/\/schema.org\/ImageObject\" ><div class=\"avia-image-container-inner\"><div class=\"avia-image-overlay-wrap\"><img decoding=\"async\" class='wp-image-234 avia-img-lazy-loading-not-234 avia_image' src=\"https:\/\/www.equineelite.nl\/wp-content\/uploads\/2023\/06\/Hotel-1.4.png\" alt='' title='Hotel 1.4'  height=\"778\" width=\"1136\"  itemprop=\"thumbnailUrl\" srcset=\"https:\/\/www.equineelite.nl\/wp-content\/uploads\/2023\/06\/Hotel-1.4.png 1136w, https:\/\/www.equineelite.nl\/wp-content\/uploads\/2023\/06\/Hotel-1.4-300x205.png 300w, https:\/\/www.equineelite.nl\/wp-content\/uploads\/2023\/06\/Hotel-1.4-1030x705.png 1030w, https:\/\/www.equineelite.nl\/wp-content\/uploads\/2023\/06\/Hotel-1.4-768x526.png 768w, https:\/\/www.equineelite.nl\/wp-content\/uploads\/2023\/06\/Hotel-1.4-705x483.png 705w\" sizes=\"(max-width: 1136px) 100vw, 1136px\" \/><\/div><\/div><\/div><\/div><div class='av-flex-placeholder'><\/div>\n<style type=\"text\/css\" data-created_by=\"avia_inline_auto\" id=\"style-css-av-7bjuv-bfd09c617570a351a596c71b88f683fc\">\n.flex_column.av-7bjuv-bfd09c617570a351a596c71b88f683fc{\nwidth:58.8%;\nmargin-left:0;\n-webkit-border-radius:5px 5px 5px 5px;\n-moz-border-radius:5px 5px 5px 5px;\nborder-radius:5px 5px 5px 5px;\npadding:30px 30px 30px 30px;\nbackground-color:#252D33;\n}\n#top .flex_column_table.av-equal-height-column-flextable.av-7bjuv-bfd09c617570a351a596c71b88f683fc .av-flex-placeholder{\nwidth:3%;\n}\n<\/style>\n<div  class='flex_column av-7bjuv-bfd09c617570a351a596c71b88f683fc av_three_fifth  avia-builder-el-15  el_after_av_two_fifth  el_before_av_three_fifth  flex_column_table_cell av-equal-height-column av-align-middle'     ><section  class='av_textblock_section av-ljffpjpg-877592bd4928ed4ec20d32b5719e2a69'   itemscope=\"itemscope\" itemtype=\"https:\/\/schema.org\/CreativeWork\" ><div class='avia_textblock'  itemprop=\"text\" ><h3>Hostellerie Munten<\/h3>\n<p>Tel: (+31) 495-531057<br \/>\nFax: (+31) 495-544596<\/p>\n<p><a href=\"mailto:info@hostelleriemunten.nl\">info@hostelleriemunten.nl<\/a><br \/>\n<a href=\"https:\/\/www.hostelleriemunten.nl\/\">www.hostelleriemunten.nl<\/a><\/p>\n<\/div><\/section><\/div><\/div><!--close column table wrapper. Autoclose: 1 --><div class='flex_column_table av-1jnfz-0b2eb5c4057755b2022dd1ee5eb2dacc sc-av_three_fifth av-equal-height-column-flextable'>\n<style type=\"text\/css\" data-created_by=\"avia_inline_auto\" id=\"style-css-av-1jnfz-0b2eb5c4057755b2022dd1ee5eb2dacc\">\n.flex_column.av-1jnfz-0b2eb5c4057755b2022dd1ee5eb2dacc{\nwidth:58.8%;\nmargin-left:0;\n-webkit-border-radius:5px 5px 5px 5px;\n-moz-border-radius:5px 5px 5px 5px;\nborder-radius:5px 5px 5px 5px;\npadding:30px 30px 30px 30px;\nbackground-color:#252D33;\n}\n#top .flex_column_table.av-equal-height-column-flextable.av-1jnfz-0b2eb5c4057755b2022dd1ee5eb2dacc .av-flex-placeholder{\nwidth:3%;\n}\n<\/style>\n<div  class='flex_column av-1jnfz-0b2eb5c4057755b2022dd1ee5eb2dacc av_three_fifth  avia-builder-el-17  el_after_av_three_fifth  el_before_av_two_fifth  first flex_column_table_cell av-equal-height-column av-align-top'     ><section  class='av_textblock_section av-ljv9iw6c-9ddc112307b7adfb14649c2c7a27b305'   itemscope=\"itemscope\" itemtype=\"https:\/\/schema.org\/CreativeWork\" ><div class='avia_textblock'  itemprop=\"text\" ><h3>Hotel van Der Valk Eindhoven<\/h3>\n<p>Tel: +31 (<span aria-label=\"Marque el n\u00famero de tel\u00e9fono 040 211 6033\">0<\/span><span aria-label=\"Marque el n\u00famero de tel\u00e9fono 040 211 6033\">) 40 211 6033<\/span><\/p>\n<p><a href=\"mailto:eindhoven@valk.com\">eindhoven@valk.com<\/a><br \/>\n<a href=\"https:\/\/www.hoteleindhoven.nl\">www.hoteleindhoven.nl<\/a><\/p>\n<\/div><\/section><\/div><div class='av-flex-placeholder'><\/div>\n<style type=\"text\/css\" data-created_by=\"avia_inline_auto\" id=\"style-css-av-uu5n-fa38d5bce5acfe4c462d1235eb895741\">\n.flex_column.av-uu5n-fa38d5bce5acfe4c462d1235eb895741{\nwidth:38.2%;\nmargin-left:0;\n}\n#top .flex_column_table.av-equal-height-column-flextable.av-uu5n-fa38d5bce5acfe4c462d1235eb895741 .av-flex-placeholder{\nwidth:3%;\n}\n<\/style>\n<div  class='flex_column av-uu5n-fa38d5bce5acfe4c462d1235eb895741 av_two_fifth  avia-builder-el-19  el_after_av_three_fifth  el_before_av_two_fifth  flex_column_table_cell av-equal-height-column av-align-top'     ><style type=\"text\/css\" data-created_by=\"avia_inline_auto\" id=\"style-css-av-ljv9c942-4682b673d5f7c57c11302730f3a0ab38\">\n.avia-image-container.av-ljv9c942-4682b673d5f7c57c11302730f3a0ab38 img.avia_image{\nbox-shadow:none;\n}\n.avia-image-container.av-ljv9c942-4682b673d5f7c57c11302730f3a0ab38 .av-image-caption-overlay-center{\ncolor:#ffffff;\n}\n<\/style>\n<div  class='avia-image-container av-ljv9c942-4682b673d5f7c57c11302730f3a0ab38 av-styling-no-styling avia-align-center  avia-builder-el-20  avia-builder-el-no-sibling'   itemprop=\"image\" itemscope=\"itemscope\" itemtype=\"https:\/\/schema.org\/ImageObject\" ><div class=\"avia-image-container-inner\"><div class=\"avia-image-overlay-wrap\"><img decoding=\"async\" class='wp-image-612 avia-img-lazy-loading-not-612 avia_image' src=\"https:\/\/www.equineelite.nl\/wp-content\/uploads\/2023\/07\/vd-valk.png\" alt='' title='halc\u00f3n'  height=\"778\" width=\"1136\"  itemprop=\"thumbnailUrl\" srcset=\"https:\/\/www.equineelite.nl\/wp-content\/uploads\/2023\/07\/vd-valk.png 1136w, https:\/\/www.equineelite.nl\/wp-content\/uploads\/2023\/07\/vd-valk-300x205.png 300w, https:\/\/www.equineelite.nl\/wp-content\/uploads\/2023\/07\/vd-valk-1030x705.png 1030w, https:\/\/www.equineelite.nl\/wp-content\/uploads\/2023\/07\/vd-valk-768x526.png 768w, https:\/\/www.equineelite.nl\/wp-content\/uploads\/2023\/07\/vd-valk-18x12.png 18w, https:\/\/www.equineelite.nl\/wp-content\/uploads\/2023\/07\/vd-valk-705x483.png 705w\" sizes=\"(max-width: 1136px) 100vw, 1136px\" \/><\/div><\/div><\/div><\/div><\/div><!--close column table wrapper. Autoclose: 1 --><div class='flex_column_table av-2p9r-966eb62f7e7e40a05310406f293109a0 sc-av_two_fifth av-equal-height-column-flextable'>\n<style type=\"text\/css\" data-created_by=\"avia_inline_auto\" id=\"style-css-av-2p9r-966eb62f7e7e40a05310406f293109a0\">\n.flex_column.av-2p9r-966eb62f7e7e40a05310406f293109a0{\nwidth:38.2%;\nmargin-left:0;\n}\n#top .flex_column_table.av-equal-height-column-flextable.av-2p9r-966eb62f7e7e40a05310406f293109a0 .av-flex-placeholder{\nwidth:3%;\n}\n<\/style>\n<div  class='flex_column av-2p9r-966eb62f7e7e40a05310406f293109a0 av_two_fifth  avia-builder-el-21  el_after_av_two_fifth  el_before_av_three_fifth  first flex_column_table_cell av-equal-height-column av-align-middle'     ><style type=\"text\/css\" data-created_by=\"avia_inline_auto\" id=\"style-css-av-ljv8t7hf-3e85023931bde2b721fb96950a8d7323\">\n.avia-image-container.av-ljv8t7hf-3e85023931bde2b721fb96950a8d7323 img.avia_image{\nbox-shadow:none;\n}\n.avia-image-container.av-ljv8t7hf-3e85023931bde2b721fb96950a8d7323 .av-image-caption-overlay-center{\ncolor:#ffffff;\n}\n<\/style>\n<div  class='avia-image-container av-ljv8t7hf-3e85023931bde2b721fb96950a8d7323 av-styling-no-styling avia-align-center  avia-builder-el-22  avia-builder-el-no-sibling'   itemprop=\"image\" itemscope=\"itemscope\" itemtype=\"https:\/\/schema.org\/ImageObject\" ><div class=\"avia-image-container-inner\"><div class=\"avia-image-overlay-wrap\"><img decoding=\"async\" class='wp-image-607 avia-img-lazy-loading-not-607 avia_image' src=\"https:\/\/www.equineelite.nl\/wp-content\/uploads\/2023\/07\/rosveld.png\" alt='' title='rosveld'  height=\"778\" width=\"1136\"  itemprop=\"thumbnailUrl\" srcset=\"https:\/\/www.equineelite.nl\/wp-content\/uploads\/2023\/07\/rosveld.png 1136w, https:\/\/www.equineelite.nl\/wp-content\/uploads\/2023\/07\/rosveld-300x205.png 300w, https:\/\/www.equineelite.nl\/wp-content\/uploads\/2023\/07\/rosveld-1030x705.png 1030w, https:\/\/www.equineelite.nl\/wp-content\/uploads\/2023\/07\/rosveld-768x526.png 768w, https:\/\/www.equineelite.nl\/wp-content\/uploads\/2023\/07\/rosveld-18x12.png 18w, https:\/\/www.equineelite.nl\/wp-content\/uploads\/2023\/07\/rosveld-705x483.png 705w\" sizes=\"(max-width: 1136px) 100vw, 1136px\" \/><\/div><\/div><\/div><\/div><div class='av-flex-placeholder'><\/div>\n<style type=\"text\/css\" data-created_by=\"avia_inline_auto\" id=\"style-css-av-c1yyr-a38607e0ef1c859980209feae4dbf9ab\">\n.flex_column.av-c1yyr-a38607e0ef1c859980209feae4dbf9ab{\nwidth:58.8%;\nmargin-left:0;\n-webkit-border-radius:5px 5px 5px 5px;\n-moz-border-radius:5px 5px 5px 5px;\nborder-radius:5px 5px 5px 5px;\npadding:30px 30px 30px 30px;\nbackground-color:#252D33;\n}\n#top .flex_column_table.av-equal-height-column-flextable.av-c1yyr-a38607e0ef1c859980209feae4dbf9ab .av-flex-placeholder{\nwidth:3%;\n}\n<\/style>\n<div  class='flex_column av-c1yyr-a38607e0ef1c859980209feae4dbf9ab av_three_fifth  avia-builder-el-23  el_after_av_two_fifth  avia-builder-el-last  flex_column_table_cell av-equal-height-column av-align-middle'     ><section  class='av_textblock_section av-bunuj-67da3989d1158039f25600f7c1881809'   itemscope=\"itemscope\" itemtype=\"https:\/\/schema.org\/CreativeWork\" ><div class='avia_textblock'  itemprop=\"text\" ><h3>Hotel Rosveld<\/h3>\n<p>Tel: +31 (0)495 782 100<\/p>\n<p style=\"text-align: left;\">Randweg West 9,<\/p>\n<p style=\"text-align: left;\">6031 RS Nederweert<\/p>\n<p><a class=\"d-none d-xl-flex\" href=\"mailto:welcome@rosveld.nl\">welcome@rosveld.nl<\/a><br \/>\n<a href=\"https:\/\/www.rosveld.nl\/\">www.rosveld.nl<\/a><\/p>\n<\/div><\/section><\/div><\/div><!--close column table wrapper. Autoclose: 1 -->","protected":false},"excerpt":{"rendered":"","protected":false},"author":1,"featured_media":0,"parent":51,"menu_order":0,"comment_status":"closed","ping_status":"closed","template":"","meta":{"footnotes":""},"class_list":["post-63","page","type-page","status-publish","hentry"],"_links":{"self":[{"href":"https:\/\/www.equineelite.nl\/es\/wp-json\/wp\/v2\/pages\/63","targetHints":{"allow":["GET"]}}],"collection":[{"href":"https:\/\/www.equineelite.nl\/es\/wp-json\/wp\/v2\/pages"}],"about":[{"href":"https:\/\/www.equineelite.nl\/es\/wp-json\/wp\/v2\/types\/page"}],"author":[{"embeddable":true,"href":"https:\/\/www.equineelite.nl\/es\/wp-json\/wp\/v2\/users\/1"}],"replies":[{"embeddable":true,"href":"https:\/\/www.equineelite.nl\/es\/wp-json\/wp\/v2\/comments?post=63"}],"version-history":[{"count":18,"href":"https:\/\/www.equineelite.nl\/es\/wp-json\/wp\/v2\/pages\/63\/revisions"}],"predecessor-version":[{"id":2046,"href":"https:\/\/www.equineelite.nl\/es\/wp-json\/wp\/v2\/pages\/63\/revisions\/2046"}],"up":[{"embeddable":true,"href":"https:\/\/www.equineelite.nl\/es\/wp-json\/wp\/v2\/pages\/51"}],"wp:attachment":[{"href":"https:\/\/www.equineelite.nl\/es\/wp-json\/wp\/v2\/media?parent=63"}],"curies":[{"name":"wp","href":"https:\/\/api.w.org\/{rel}","templated":true}]}}