{"id":69,"date":"2023-06-26T12:16:33","date_gmt":"2023-06-26T12:16:33","guid":{"rendered":"https:\/\/equineelite.nl\/nieuw\/?page_id=69"},"modified":"2023-07-16T11:13:26","modified_gmt":"2023-07-16T11:13:26","slug":"proefrit","status":"publish","type":"page","link":"https:\/\/www.equineelite.nl\/es\/proefrit\/","title":{"rendered":"Prueba de conducci\u00f3n"},"content":{"rendered":"<style type=\"text\/css\" data-created_by=\"avia_inline_auto\" id=\"style-css-av-ljelpo4g-3caef4ce9a081b33dcfa4a59d2a7e13c\">\n.avia-section.av-ljelpo4g-3caef4ce9a081b33dcfa4a59d2a7e13c{\nbackground-color:#10100f;\nbackground-image:url(https:\/\/www.equineelite.nl\/wp-content\/uploads\/2023\/06\/Proefrit-min.png);\nbackground-repeat:no-repeat;\nbackground-position:50% 0%;\nbackground-attachment:scroll;\n}\n<\/style>\n<div id='av_section_1'  class='avia-section av-ljelpo4g-3caef4ce9a081b33dcfa4a59d2a7e13c main_color avia-section-default avia-no-border-styling  avia-builder-el-0  el_before_av_section  avia-builder-el-first  avia-full-contain avia-bg-style-scroll container_wrap fullsize'  data-section-bg-repeat='contain'><div class='container av-section-cont-open' ><main  role=\"main\" itemprop=\"mainContentOfPage\"  class='template-page content  av-content-full alpha units'><div class='post-entry post-entry-type-page post-entry-69'><div class='entry-content-wrapper clearfix'>\n<div  class='flex_column av-2dioh-812e05f58e831be4fe3f753e0fc10153 av_one_fifth  avia-builder-el-1  el_before_av_three_fifth  avia-builder-el-first  first flex_column_div'     ><\/div><div  class='flex_column av-1fnmd-e048b020489701992841f1e61bd66fda av_three_fifth  avia-builder-el-2  el_after_av_one_fifth  el_before_av_one_fifth  flex_column_div'     ><section  class='av_textblock_section av-ljelr0vc-a7e80bc9e242ad1a90f93b3801dd0693'   itemscope=\"itemscope\" itemtype=\"https:\/\/schema.org\/CreativeWork\" ><div class='avia_textblock'  itemprop=\"text\" ><h2>Prueba de conducci\u00f3n<\/h2>\n<p>Los caballos podr\u00e1n probarse (previa cita) desde finales de septiembre hasta la subasta. Por favor, deje sus datos a continuaci\u00f3n e indique qu\u00e9 caballo, o caballos, le gustar\u00eda probar. Nos pondremos en contacto con usted lo antes posible.<\/p>\n<h3>M\u00e1s informaci\u00f3n<\/h3>\n<p>Si ya quiere preguntarnos algo o no obtiene una respuesta inmediata a su consulta, tambi\u00e9n puede llamarnos al tel\u00e9fono<\/p>\n<ul>\n<li>Jenneke Spanjers +31 (0) 6 23787988<\/li>\n<li>Craig Rawlins +31 (0) 6 53336143<\/li>\n<li>Kebie van der Heijden +31 (0) 6 51312742<\/li>\n<\/ul>\n<\/div><\/section><br \/>\n\n<style type=\"text\/css\" data-created_by=\"avia_inline_auto\" id=\"style-css-av-ljelt92y-81b4aa52901b839c6a3f81f3b8ecb752\">\n#top .hr.hr-invisible.av-ljelt92y-81b4aa52901b839c6a3f81f3b8ecb752{\nheight:100px;\n}\n<\/style>\n<div  class='hr av-ljelt92y-81b4aa52901b839c6a3f81f3b8ecb752 hr-invisible  avia-builder-el-4  el_after_av_textblock  avia-builder-el-last'><span class='hr-inner'><span class=\"hr-inner-style\"><\/span><\/span><\/div><\/p><\/div><div  class='flex_column av-v3yl-a91bc83494a1ef887b6becb76eaafbbb av_one_fifth  avia-builder-el-5  el_after_av_three_fifth  avia-builder-el-last  flex_column_div'     ><\/div>\n\n<\/div><\/div><\/main><!-- close content main element --><\/div><\/div><div id='av_section_2'  class='avia-section av-ljelrtd2-7788d256df094d6bd5dcb37a140ac538 alternate_color avia-section-default avia-no-border-styling  avia-builder-el-6  el_after_av_section  avia-builder-el-last  avia-bg-style-scroll container_wrap fullsize'  ><div class='container av-section-cont-open' ><div class='template-page content  av-content-full alpha units'><div class='post-entry post-entry-type-page post-entry-69'><div class='entry-content-wrapper clearfix'>\n<div class='flex_column_table av-2o2ul-33f7f08507f48c24f2b5835389cbd592 sc-av_one_fifth av-equal-height-column-flextable'>\n<style type=\"text\/css\" data-created_by=\"avia_inline_auto\" id=\"style-css-av-2o2ul-33f7f08507f48c24f2b5835389cbd592\">\n#top .flex_column_table.av-equal-height-column-flextable.av-2o2ul-33f7f08507f48c24f2b5835389cbd592{\nmargin-top:-240px;\nmargin-bottom:0px;\n}\n<\/style>\n<div  class='flex_column av-2o2ul-33f7f08507f48c24f2b5835389cbd592 av_one_fifth  avia-builder-el-7  el_before_av_three_fifth  avia-builder-el-first  first flex_column_table_cell av-equal-height-column av-align-top'     ><\/div><div class='av-flex-placeholder'><\/div>\n<style type=\"text\/css\" data-created_by=\"avia_inline_auto\" id=\"style-css-av-254r1-db8bbbabac491774ca41ca2a596f42ed\">\n#top .flex_column_table.av-equal-height-column-flextable.av-254r1-db8bbbabac491774ca41ca2a596f42ed{\nmargin-top:0px;\nmargin-bottom:0px;\n}\n.flex_column.av-254r1-db8bbbabac491774ca41ca2a596f42ed{\n-webkit-border-radius:5px 5px 5px 5px;\n-moz-border-radius:5px 5px 5px 5px;\nborder-radius:5px 5px 5px 5px;\npadding:30px 30px 30px 30px;\nbackground-color:#96794b;\n}\n<\/style>\n<div  class='flex_column av-254r1-db8bbbabac491774ca41ca2a596f42ed av_three_fifth  avia-builder-el-8  el_after_av_one_fifth  el_before_av_one_fifth  flex_column_table_cell av-equal-height-column av-align-top'     ><section  class='av_textblock_section av-ljelsbjf-d821961c750431164280d9609c00185e'   itemscope=\"itemscope\" itemtype=\"https:\/\/schema.org\/CreativeWork\" ><div class='avia_textblock alternatief-kleur av_inherit_color'  itemprop=\"text\" ><h3>Prueba de conducci\u00f3n<\/h3>\n<\/div><\/section><br \/>\n<\/p><\/div><div class='av-flex-placeholder'><\/div>\n<style type=\"text\/css\" data-created_by=\"avia_inline_auto\" id=\"style-css-av-vke9-e51c0d92584b972f7af1c2ea02be70a6\">\n#top .flex_column_table.av-equal-height-column-flextable.av-vke9-e51c0d92584b972f7af1c2ea02be70a6{\nmargin-top:0px;\nmargin-bottom:0px;\n}\n<\/style>\n<div  class='flex_column av-vke9-e51c0d92584b972f7af1c2ea02be70a6 av_one_fifth  avia-builder-el-11  el_after_av_three_fifth  avia-builder-el-last  flex_column_table_cell av-equal-height-column av-align-top'     ><\/div><\/div><!--close column table wrapper. Autoclose: 1 -->","protected":false},"excerpt":{"rendered":"","protected":false},"author":1,"featured_media":0,"parent":0,"menu_order":0,"comment_status":"closed","ping_status":"closed","template":"","meta":{"footnotes":""},"class_list":["post-69","page","type-page","status-publish","hentry"],"_links":{"self":[{"href":"https:\/\/www.equineelite.nl\/es\/wp-json\/wp\/v2\/pages\/69","targetHints":{"allow":["GET"]}}],"collection":[{"href":"https:\/\/www.equineelite.nl\/es\/wp-json\/wp\/v2\/pages"}],"about":[{"href":"https:\/\/www.equineelite.nl\/es\/wp-json\/wp\/v2\/types\/page"}],"author":[{"embeddable":true,"href":"https:\/\/www.equineelite.nl\/es\/wp-json\/wp\/v2\/users\/1"}],"replies":[{"embeddable":true,"href":"https:\/\/www.equineelite.nl\/es\/wp-json\/wp\/v2\/comments?post=69"}],"version-history":[{"count":12,"href":"https:\/\/www.equineelite.nl\/es\/wp-json\/wp\/v2\/pages\/69\/revisions"}],"predecessor-version":[{"id":1332,"href":"https:\/\/www.equineelite.nl\/es\/wp-json\/wp\/v2\/pages\/69\/revisions\/1332"}],"wp:attachment":[{"href":"https:\/\/www.equineelite.nl\/es\/wp-json\/wp\/v2\/media?parent=69"}],"curies":[{"name":"wp","href":"https:\/\/api.w.org\/{rel}","templated":true}]}}